{"id":2,"date":"2025-12-15T10:16:19","date_gmt":"2025-12-15T09:16:19","guid":{"rendered":"https:\/\/www.skauti-plzen.cz\/pakoni\/?page_id=2"},"modified":"2026-02-25T10:31:29","modified_gmt":"2026-02-25T09:31:29","slug":"titulni-stranka","status":"publish","type":"page","link":"https:\/\/www.skauti-plzen.cz\/pakoni\/","title":{"rendered":"Pakoni"},"content":{"rendered":"\n<p class=\"has-text-align-center\">Webov\u00e9 str\u00e1nky jsou v p\u0159\u00edprav\u011b<\/p>\n\n\n\n<p><\/p>\n","protected":false},"excerpt":{"rendered":"<p>Webov\u00e9 str\u00e1nky jsou v p\u0159\u00edprav\u011b<\/p>\n","protected":false},"author":17,"featured_media":0,"parent":0,"menu_order":0,"comment_status":"closed","ping_status":"closed","template":"templates\/template-cover.php","meta":{"footnotes":""},"class_list":["post-2","page","type-page","status-publish","hentry"],"_links":{"self":[{"href":"https:\/\/www.skauti-plzen.cz\/pakoni\/wp-json\/wp\/v2\/pages\/2","targetHints":{"allow":["GET"]}}],"collection":[{"href":"https:\/\/www.skauti-plzen.cz\/pakoni\/wp-json\/wp\/v2\/pages"}],"about":[{"href":"https:\/\/www.skauti-plzen.cz\/pakoni\/wp-json\/wp\/v2\/types\/page"}],"author":[{"embeddable":true,"href":"https:\/\/www.skauti-plzen.cz\/pakoni\/wp-json\/wp\/v2\/users\/17"}],"replies":[{"embeddable":true,"href":"https:\/\/www.skauti-plzen.cz\/pakoni\/wp-json\/wp\/v2\/comments?post=2"}],"version-history":[{"count":3,"href":"https:\/\/www.skauti-plzen.cz\/pakoni\/wp-json\/wp\/v2\/pages\/2\/revisions"}],"predecessor-version":[{"id":39,"href":"https:\/\/www.skauti-plzen.cz\/pakoni\/wp-json\/wp\/v2\/pages\/2\/revisions\/39"}],"wp:attachment":[{"href":"https:\/\/www.skauti-plzen.cz\/pakoni\/wp-json\/wp\/v2\/media?parent=2"}],"curies":[{"name":"wp","href":"https:\/\/api.w.org\/{rel}","templated":true}]}}