{"id":859,"date":"2023-01-16T19:10:09","date_gmt":"2023-01-16T18:10:09","guid":{"rendered":"https:\/\/www.skauti-plzen.cz\/ookenanis\/?page_id=859"},"modified":"2023-01-16T19:19:37","modified_gmt":"2023-01-16T18:19:37","slug":"zpravy-z-oddilu","status":"publish","type":"page","link":"https:\/\/www.skauti-plzen.cz\/ookenanis\/novinky\/zpravy-z-oddilu\/","title":{"rendered":"Zpr\u00e1vy z odd\u00edlu"},"content":{"rendered":"\n<p>Zde budou zve\u0159ej\u0148ov\u00e1ny m\u011bs\u00ed\u010dn\u00ed zpr\u00e1vy o \u010dinnosti odd\u00edlu.<\/p>\n\n\n<table><tbody><tr>\n\t\t\t\t<td><img decoding=\"async\" src=\"https:\/\/drive-thirdparty.googleusercontent.com\/16\/type\/application\/pdf\"><\/td>\n\t\t\t\t<td><a href=\"https:\/\/drive.google.com\/file\/d\/1GWB-tid92KCSkXNwWmu_l5z9m2hc3FCy\/view?usp=drivesdk\" target=\"_blank\">05_2023_10_oddil.pdf<\/a><\/td>\n\t\t\t<\/tr><tr>\n\t\t\t\t<td><img decoding=\"async\" src=\"https:\/\/drive-thirdparty.googleusercontent.com\/16\/type\/application\/pdf\"><\/td>\n\t\t\t\t<td><a href=\"https:\/\/drive.google.com\/file\/d\/1bjqDG_S9ReRehh_ynf2QQa_wHrUlzFHF\/view?usp=drivesdk\" target=\"_blank\">04_2023_10_oddil.pdf<\/a><\/td>\n\t\t\t<\/tr><tr>\n\t\t\t\t<td><img decoding=\"async\" src=\"https:\/\/drive-thirdparty.googleusercontent.com\/16\/type\/application\/pdf\"><\/td>\n\t\t\t\t<td><a href=\"https:\/\/drive.google.com\/file\/d\/1EQivbVpAVh4ebpyh4n1EdoO2iFM5lSol\/view?usp=drivesdk\" target=\"_blank\">03_2023_10_oddil.pdf<\/a><\/td>\n\t\t\t<\/tr><tr>\n\t\t\t\t<td><img decoding=\"async\" src=\"https:\/\/drive-thirdparty.googleusercontent.com\/16\/type\/application\/pdf\"><\/td>\n\t\t\t\t<td><a href=\"https:\/\/drive.google.com\/file\/d\/1038InVMzTVNl_zpBsNS3VFpAQT9IWrgl\/view?usp=drivesdk\" target=\"_blank\">01_2023_10_oddil.pdf<\/a><\/td>\n\t\t\t<\/tr><tr>\n\t\t\t\t<td><img decoding=\"async\" src=\"https:\/\/drive-thirdparty.googleusercontent.com\/16\/type\/application\/pdf\"><\/td>\n\t\t\t\t<td><a href=\"https:\/\/drive.google.com\/file\/d\/18tAe7-KmAMfg-Nu0ywnDFrHYeVWheDyC\/view?usp=drivesdk\" target=\"_blank\">12_2022_10_oddil.pdf<\/a><\/td>\n\t\t\t<\/tr><\/tbody>\n\t\t\t\t\t\t\t\t<\/table>","protected":false},"excerpt":{"rendered":"<p>Zde budou zve\u0159ej\u0148ov\u00e1ny m\u011bs\u00ed\u010dn\u00ed zpr\u00e1vy o \u010dinnosti odd\u00edlu.<\/p>\n","protected":false},"author":17,"featured_media":0,"parent":12,"menu_order":0,"comment_status":"closed","ping_status":"closed","template":"","meta":{"footnotes":""},"class_list":["post-859","page","type-page","status-publish","hentry"],"_links":{"self":[{"href":"https:\/\/www.skauti-plzen.cz\/ookenanis\/wp-json\/wp\/v2\/pages\/859","targetHints":{"allow":["GET"]}}],"collection":[{"href":"https:\/\/www.skauti-plzen.cz\/ookenanis\/wp-json\/wp\/v2\/pages"}],"about":[{"href":"https:\/\/www.skauti-plzen.cz\/ookenanis\/wp-json\/wp\/v2\/types\/page"}],"author":[{"embeddable":true,"href":"https:\/\/www.skauti-plzen.cz\/ookenanis\/wp-json\/wp\/v2\/users\/17"}],"replies":[{"embeddable":true,"href":"https:\/\/www.skauti-plzen.cz\/ookenanis\/wp-json\/wp\/v2\/comments?post=859"}],"version-history":[{"count":2,"href":"https:\/\/www.skauti-plzen.cz\/ookenanis\/wp-json\/wp\/v2\/pages\/859\/revisions"}],"predecessor-version":[{"id":862,"href":"https:\/\/www.skauti-plzen.cz\/ookenanis\/wp-json\/wp\/v2\/pages\/859\/revisions\/862"}],"up":[{"embeddable":true,"href":"https:\/\/www.skauti-plzen.cz\/ookenanis\/wp-json\/wp\/v2\/pages\/12"}],"wp:attachment":[{"href":"https:\/\/www.skauti-plzen.cz\/ookenanis\/wp-json\/wp\/v2\/media?parent=859"}],"curies":[{"name":"wp","href":"https:\/\/api.w.org\/{rel}","templated":true}]}}