{"id":258,"date":"2020-08-24T20:50:04","date_gmt":"2020-08-24T18:50:04","guid":{"rendered":"http:\/\/www.skauti-plzen.cz\/ookenanis\/?page_id=258"},"modified":"2021-05-02T19:31:33","modified_gmt":"2021-05-02T17:31:33","slug":"hlasatelik","status":"publish","type":"page","link":"https:\/\/www.skauti-plzen.cz\/ookenanis\/hlasatelik\/","title":{"rendered":"Hlasatel"},"content":{"rendered":"\n<p class=\"has-text-align-center\"> Hlasatel je \u010dasopis od n\u00e1s pro n\u00e1s \u2013 je to odd\u00edlov\u00fd \u010dasopis des\u00edtky a osmn\u00e1ctky a vych\u00e1z\u00ed jednou za dva m\u011bs\u00edce.  P\u0159isp\u00edvat do n\u011bj m\u016f\u017ee ka\u017ed\u00fd \u010dlen na\u0161ich odd\u00edl\u016f svou tvorbou \u2013 rozhovory, z\u00e1pisky z v\u00fdprav, hl\u00e1\u0161kami, k\u0159\u00ed\u017eovkami, recenzemi, h\u00e1dankami, komiksy \u2026  Jsme otev\u0159eni v\u0161em n\u00e1pad\u016fm! Sv\u00e9 p\u0159\u00edsp\u011bvky, dotazy i p\u0159ipom\u00ednky k Hlasateli m\u016f\u017eete pos\u00edlat na e-mailovou adresu <strong>hlasatel@skaut.cz<\/strong> Hlasatel nab\u00edz\u00ed i speci\u00e1ln\u00ed odborku. Chce\u0161 pravideln\u011b p\u0159isp\u00edvat a pustit se do pln\u011bn\u00ed odborky? Nev\u00e1hej a napi\u0161! <\/p>\n\n\n\n<h5 class=\"has-text-align-center wp-block-heading\">Uz\u00e1v\u011brky v roce 2020\/21:<\/h5>\n\n\n\n<p class=\"has-text-align-center has-secondary-background-color has-background\"><strong>25. \u0159\u00edjna<\/strong> &#8211; listopadov\u00e9 \u010d\u00edslo <br><strong>22. prosince<\/strong> &#8211; lednov\u00e9 \u010d\u00edslo <br><strong>21. \u00fanora<\/strong> &#8211; b\u0159eznov\u00e9 \u010d\u00edslo   <br><strong>25. dubna<\/strong> &#8211; kv\u011btnov\u00e9 \u010d\u00edslo <\/p>\n\n\n\n<div class=\"wp-block-group\"><div class=\"wp-block-group__inner-container is-layout-flow wp-block-group-is-layout-flow\">\n<div class=\"wp-block-columns is-layout-flex wp-container-core-columns-is-layout-9d6595d7 wp-block-columns-is-layout-flex\">\n<div class=\"wp-block-column is-layout-flow wp-block-column-is-layout-flow\" style=\"flex-basis:23%\">\n<figure class=\"wp-block-image alignwide size-large is-style-circle-mask\"><img loading=\"lazy\" decoding=\"async\" width=\"1024\" height=\"1024\" src=\"http:\/\/www.skauti-plzen.cz\/ookenanis\/wp-content\/uploads\/sites\/2\/2020\/08\/Hlasatel_logo_1-1024x1024.png\" alt=\"\" class=\"wp-image-268\" srcset=\"https:\/\/www.skauti-plzen.cz\/ookenanis\/wp-content\/uploads\/sites\/2\/2020\/08\/Hlasatel_logo_1-1024x1024.png 1024w, https:\/\/www.skauti-plzen.cz\/ookenanis\/wp-content\/uploads\/sites\/2\/2020\/08\/Hlasatel_logo_1-300x300.png 300w, https:\/\/www.skauti-plzen.cz\/ookenanis\/wp-content\/uploads\/sites\/2\/2020\/08\/Hlasatel_logo_1-150x150.png 150w, https:\/\/www.skauti-plzen.cz\/ookenanis\/wp-content\/uploads\/sites\/2\/2020\/08\/Hlasatel_logo_1-768x768.png 768w, https:\/\/www.skauti-plzen.cz\/ookenanis\/wp-content\/uploads\/sites\/2\/2020\/08\/Hlasatel_logo_1-1536x1536.png 1536w, https:\/\/www.skauti-plzen.cz\/ookenanis\/wp-content\/uploads\/sites\/2\/2020\/08\/Hlasatel_logo_1-1200x1200.png 1200w, https:\/\/www.skauti-plzen.cz\/ookenanis\/wp-content\/uploads\/sites\/2\/2020\/08\/Hlasatel_logo_1.png 1695w\" sizes=\"auto, (max-width: 1024px) 100vw, 1024px\" \/><\/figure>\n<\/div>\n\n\n\n<div class=\"wp-block-column is-layout-flow wp-block-column-is-layout-flow\" style=\"flex-basis:77%\">\n<p><\/p>\n\n\n\n<h5 class=\"has-accent-color has-text-color wp-block-heading\">hlasatel@skaut.cz<\/h5>\n\n\n\n<p><\/p>\n<\/div>\n<\/div>\n<\/div><\/div>\n\n\n\n<h6 class=\"has-text-align-center wp-block-heading\">P\u0159ehled pln\u011bn\u00ed odborky:<\/h6>\n\n\n\n<figure class=\"wp-block-image alignwide size-large\"><img loading=\"lazy\" decoding=\"async\" width=\"1024\" height=\"395\" src=\"https:\/\/www.skauti-plzen.cz\/ookenanis\/wp-content\/uploads\/sites\/2\/2020\/11\/hlasatel_listopad-1024x395.jpg\" alt=\"\" class=\"wp-image-473\" srcset=\"https:\/\/www.skauti-plzen.cz\/ookenanis\/wp-content\/uploads\/sites\/2\/2020\/11\/hlasatel_listopad-1024x395.jpg 1024w, https:\/\/www.skauti-plzen.cz\/ookenanis\/wp-content\/uploads\/sites\/2\/2020\/11\/hlasatel_listopad-300x116.jpg 300w, https:\/\/www.skauti-plzen.cz\/ookenanis\/wp-content\/uploads\/sites\/2\/2020\/11\/hlasatel_listopad-768x296.jpg 768w, https:\/\/www.skauti-plzen.cz\/ookenanis\/wp-content\/uploads\/sites\/2\/2020\/11\/hlasatel_listopad-1536x592.jpg 1536w, https:\/\/www.skauti-plzen.cz\/ookenanis\/wp-content\/uploads\/sites\/2\/2020\/11\/hlasatel_listopad-1200x463.jpg 1200w, https:\/\/www.skauti-plzen.cz\/ookenanis\/wp-content\/uploads\/sites\/2\/2020\/11\/hlasatel_listopad.jpg 1769w\" sizes=\"auto, (max-width: 1024px) 100vw, 1024px\" \/><\/figure>\n\n\n\n<h4 class=\"has-text-align-center wp-block-heading\">NA\u0160E REDAKCE:<\/h4>\n\n\n\n<div class=\"wp-block-columns alignfull is-layout-flex wp-container-core-columns-is-layout-9d6595d7 wp-block-columns-is-layout-flex\">\n<div class=\"wp-block-column is-layout-flow wp-block-column-is-layout-flow\">\n<figure class=\"wp-block-image alignwide size-large is-style-circle-mask\"><img loading=\"lazy\" decoding=\"async\" width=\"1024\" height=\"1024\" src=\"http:\/\/www.skauti-plzen.cz\/ookenanis\/wp-content\/uploads\/sites\/2\/2020\/08\/Kleopatra-Magda-Dus\u00edkov\u00e1-r\u00e1dkyn\u011b-kapek-1024x1024.jpg\" alt=\"\" class=\"wp-image-87\" srcset=\"https:\/\/www.skauti-plzen.cz\/ookenanis\/wp-content\/uploads\/sites\/2\/2020\/08\/Kleopatra-Magda-Dus\u00edkov\u00e1-r\u00e1dkyn\u011b-kapek-1024x1024.jpg 1024w, https:\/\/www.skauti-plzen.cz\/ookenanis\/wp-content\/uploads\/sites\/2\/2020\/08\/Kleopatra-Magda-Dus\u00edkov\u00e1-r\u00e1dkyn\u011b-kapek-300x300.jpg 300w, https:\/\/www.skauti-plzen.cz\/ookenanis\/wp-content\/uploads\/sites\/2\/2020\/08\/Kleopatra-Magda-Dus\u00edkov\u00e1-r\u00e1dkyn\u011b-kapek-150x150.jpg 150w, https:\/\/www.skauti-plzen.cz\/ookenanis\/wp-content\/uploads\/sites\/2\/2020\/08\/Kleopatra-Magda-Dus\u00edkov\u00e1-r\u00e1dkyn\u011b-kapek-768x768.jpg 768w, https:\/\/www.skauti-plzen.cz\/ookenanis\/wp-content\/uploads\/sites\/2\/2020\/08\/Kleopatra-Magda-Dus\u00edkov\u00e1-r\u00e1dkyn\u011b-kapek-1536x1536.jpg 1536w, https:\/\/www.skauti-plzen.cz\/ookenanis\/wp-content\/uploads\/sites\/2\/2020\/08\/Kleopatra-Magda-Dus\u00edkov\u00e1-r\u00e1dkyn\u011b-kapek-2048x2048.jpg 2048w, https:\/\/www.skauti-plzen.cz\/ookenanis\/wp-content\/uploads\/sites\/2\/2020\/08\/Kleopatra-Magda-Dus\u00edkov\u00e1-r\u00e1dkyn\u011b-kapek-1200x1200.jpg 1200w, https:\/\/www.skauti-plzen.cz\/ookenanis\/wp-content\/uploads\/sites\/2\/2020\/08\/Kleopatra-Magda-Dus\u00edkov\u00e1-r\u00e1dkyn\u011b-kapek-1980x1980.jpg 1980w\" sizes=\"auto, (max-width: 1024px) 100vw, 1024px\" \/><\/figure>\n\n\n\n<h6 class=\"has-text-align-center wp-block-heading\">KLEOPATRA<br><em><strong>\u0161\u00e9fredaktorka<\/strong><\/em><\/h6>\n<\/div>\n\n\n\n<div class=\"wp-block-column is-layout-flow wp-block-column-is-layout-flow\">\n<figure class=\"wp-block-image alignwide size-large is-style-circle-mask\"><img loading=\"lazy\" decoding=\"async\" width=\"1024\" height=\"1024\" src=\"http:\/\/www.skauti-plzen.cz\/ookenanis\/wp-content\/uploads\/sites\/2\/2020\/08\/Veverka-Kate\u0159ina-Bo\u010dkov\u00e1-r\u00e1dkyn\u011b-medv\u00ed\u010fat-1024x1024.jpg\" alt=\"\" class=\"wp-image-91\" srcset=\"https:\/\/www.skauti-plzen.cz\/ookenanis\/wp-content\/uploads\/sites\/2\/2020\/08\/Veverka-Kate\u0159ina-Bo\u010dkov\u00e1-r\u00e1dkyn\u011b-medv\u00ed\u010fat-1024x1024.jpg 1024w, https:\/\/www.skauti-plzen.cz\/ookenanis\/wp-content\/uploads\/sites\/2\/2020\/08\/Veverka-Kate\u0159ina-Bo\u010dkov\u00e1-r\u00e1dkyn\u011b-medv\u00ed\u010fat-300x300.jpg 300w, https:\/\/www.skauti-plzen.cz\/ookenanis\/wp-content\/uploads\/sites\/2\/2020\/08\/Veverka-Kate\u0159ina-Bo\u010dkov\u00e1-r\u00e1dkyn\u011b-medv\u00ed\u010fat-150x150.jpg 150w, https:\/\/www.skauti-plzen.cz\/ookenanis\/wp-content\/uploads\/sites\/2\/2020\/08\/Veverka-Kate\u0159ina-Bo\u010dkov\u00e1-r\u00e1dkyn\u011b-medv\u00ed\u010fat-768x768.jpg 768w, https:\/\/www.skauti-plzen.cz\/ookenanis\/wp-content\/uploads\/sites\/2\/2020\/08\/Veverka-Kate\u0159ina-Bo\u010dkov\u00e1-r\u00e1dkyn\u011b-medv\u00ed\u010fat-1536x1536.jpg 1536w, https:\/\/www.skauti-plzen.cz\/ookenanis\/wp-content\/uploads\/sites\/2\/2020\/08\/Veverka-Kate\u0159ina-Bo\u010dkov\u00e1-r\u00e1dkyn\u011b-medv\u00ed\u010fat-2048x2048.jpg 2048w, https:\/\/www.skauti-plzen.cz\/ookenanis\/wp-content\/uploads\/sites\/2\/2020\/08\/Veverka-Kate\u0159ina-Bo\u010dkov\u00e1-r\u00e1dkyn\u011b-medv\u00ed\u010fat-1200x1199.jpg 1200w, https:\/\/www.skauti-plzen.cz\/ookenanis\/wp-content\/uploads\/sites\/2\/2020\/08\/Veverka-Kate\u0159ina-Bo\u010dkov\u00e1-r\u00e1dkyn\u011b-medv\u00ed\u010fat-1980x1979.jpg 1980w\" sizes=\"auto, (max-width: 1024px) 100vw, 1024px\" \/><\/figure>\n\n\n\n<h6 class=\"has-text-align-center wp-block-heading\"><strong>VEVERKA<\/strong><\/h6>\n<\/div>\n\n\n\n<div class=\"wp-block-column is-layout-flow wp-block-column-is-layout-flow\">\n<figure class=\"wp-block-image alignwide size-large is-style-circle-mask\"><img loading=\"lazy\" decoding=\"async\" width=\"800\" height=\"800\" src=\"http:\/\/www.skauti-plzen.cz\/ookenanis\/wp-content\/uploads\/sites\/2\/2020\/08\/Tic-Tac.jpg\" alt=\"\" class=\"wp-image-169\" srcset=\"https:\/\/www.skauti-plzen.cz\/ookenanis\/wp-content\/uploads\/sites\/2\/2020\/08\/Tic-Tac.jpg 800w, https:\/\/www.skauti-plzen.cz\/ookenanis\/wp-content\/uploads\/sites\/2\/2020\/08\/Tic-Tac-300x300.jpg 300w, https:\/\/www.skauti-plzen.cz\/ookenanis\/wp-content\/uploads\/sites\/2\/2020\/08\/Tic-Tac-150x150.jpg 150w, https:\/\/www.skauti-plzen.cz\/ookenanis\/wp-content\/uploads\/sites\/2\/2020\/08\/Tic-Tac-768x768.jpg 768w\" sizes=\"auto, (max-width: 800px) 100vw, 800px\" \/><\/figure>\n\n\n\n<h6 class=\"has-text-align-center wp-block-heading\"><strong>TIC TAC<\/strong><\/h6>\n<\/div>\n\n\n\n<div class=\"wp-block-column is-layout-flow wp-block-column-is-layout-flow\">\n<figure class=\"wp-block-image alignwide size-large is-style-circle-mask\"><img loading=\"lazy\" decoding=\"async\" width=\"483\" height=\"482\" src=\"http:\/\/www.skauti-plzen.cz\/ookenanis\/wp-content\/uploads\/sites\/2\/2020\/08\/Strom\u00edk.jpg\" alt=\"\" class=\"wp-image-168\" srcset=\"https:\/\/www.skauti-plzen.cz\/ookenanis\/wp-content\/uploads\/sites\/2\/2020\/08\/Strom\u00edk.jpg 483w, https:\/\/www.skauti-plzen.cz\/ookenanis\/wp-content\/uploads\/sites\/2\/2020\/08\/Strom\u00edk-300x300.jpg 300w, https:\/\/www.skauti-plzen.cz\/ookenanis\/wp-content\/uploads\/sites\/2\/2020\/08\/Strom\u00edk-150x150.jpg 150w\" sizes=\"auto, (max-width: 483px) 100vw, 483px\" \/><\/figure>\n\n\n\n<h6 class=\"has-text-align-center wp-block-heading\"><strong>STROM\u00cdK<\/strong><\/h6>\n<\/div>\n<\/div>\n\n\n\n<div class=\"wp-block-columns alignfull is-layout-flex wp-container-core-columns-is-layout-9d6595d7 wp-block-columns-is-layout-flex\">\n<div class=\"wp-block-column is-layout-flow wp-block-column-is-layout-flow\">\n<figure class=\"wp-block-image alignwide size-large is-style-circle-mask\"><img loading=\"lazy\" decoding=\"async\" width=\"447\" height=\"446\" src=\"http:\/\/www.skauti-plzen.cz\/ookenanis\/wp-content\/uploads\/sites\/2\/2020\/08\/Pinky.jpg\" alt=\"\" class=\"wp-image-167\" srcset=\"https:\/\/www.skauti-plzen.cz\/ookenanis\/wp-content\/uploads\/sites\/2\/2020\/08\/Pinky.jpg 447w, https:\/\/www.skauti-plzen.cz\/ookenanis\/wp-content\/uploads\/sites\/2\/2020\/08\/Pinky-300x300.jpg 300w, https:\/\/www.skauti-plzen.cz\/ookenanis\/wp-content\/uploads\/sites\/2\/2020\/08\/Pinky-150x150.jpg 150w\" sizes=\"auto, (max-width: 447px) 100vw, 447px\" \/><\/figure>\n\n\n\n<h6 class=\"has-text-align-center wp-block-heading\"><strong>PINKY <\/strong><\/h6>\n<\/div>\n\n\n\n<div class=\"wp-block-column is-layout-flow wp-block-column-is-layout-flow\">\n<figure class=\"wp-block-image alignwide size-large is-style-circle-mask\"><img loading=\"lazy\" decoding=\"async\" width=\"343\" height=\"343\" src=\"http:\/\/www.skauti-plzen.cz\/ookenanis\/wp-content\/uploads\/sites\/2\/2020\/08\/Pokli\u010dka-Michaela-Urbanov\u00e1-\u010dlenka-or.jpg\" alt=\"\" class=\"wp-image-92\" srcset=\"https:\/\/www.skauti-plzen.cz\/ookenanis\/wp-content\/uploads\/sites\/2\/2020\/08\/Pokli\u010dka-Michaela-Urbanov\u00e1-\u010dlenka-or.jpg 343w, https:\/\/www.skauti-plzen.cz\/ookenanis\/wp-content\/uploads\/sites\/2\/2020\/08\/Pokli\u010dka-Michaela-Urbanov\u00e1-\u010dlenka-or-300x300.jpg 300w, https:\/\/www.skauti-plzen.cz\/ookenanis\/wp-content\/uploads\/sites\/2\/2020\/08\/Pokli\u010dka-Michaela-Urbanov\u00e1-\u010dlenka-or-150x150.jpg 150w\" sizes=\"auto, (max-width: 343px) 100vw, 343px\" \/><\/figure>\n\n\n\n<h6 class=\"has-text-align-center wp-block-heading\"><strong>POKLI\u010cKA<\/strong><\/h6>\n<\/div>\n\n\n\n<div class=\"wp-block-column is-layout-flow wp-block-column-is-layout-flow\">\n<figure class=\"wp-block-image alignwide size-large is-style-circle-mask\"><img loading=\"lazy\" decoding=\"async\" width=\"856\" height=\"857\" src=\"http:\/\/www.skauti-plzen.cz\/ookenanis\/wp-content\/uploads\/sites\/2\/2020\/08\/Uhl\u00edk-to-d\u011bv\u010dejpg.jpg\" alt=\"\" class=\"wp-image-166\" srcset=\"https:\/\/www.skauti-plzen.cz\/ookenanis\/wp-content\/uploads\/sites\/2\/2020\/08\/Uhl\u00edk-to-d\u011bv\u010dejpg.jpg 856w, https:\/\/www.skauti-plzen.cz\/ookenanis\/wp-content\/uploads\/sites\/2\/2020\/08\/Uhl\u00edk-to-d\u011bv\u010dejpg-300x300.jpg 300w, https:\/\/www.skauti-plzen.cz\/ookenanis\/wp-content\/uploads\/sites\/2\/2020\/08\/Uhl\u00edk-to-d\u011bv\u010dejpg-150x150.jpg 150w, https:\/\/www.skauti-plzen.cz\/ookenanis\/wp-content\/uploads\/sites\/2\/2020\/08\/Uhl\u00edk-to-d\u011bv\u010dejpg-768x769.jpg 768w\" sizes=\"auto, (max-width: 856px) 100vw, 856px\" \/><\/figure>\n\n\n\n<h6 class=\"has-text-align-center wp-block-heading\"><strong>UHL\u00cdK<\/strong><\/h6>\n<\/div>\n\n\n\n<div class=\"wp-block-column is-layout-flow wp-block-column-is-layout-flow\">\n<figure class=\"wp-block-image alignwide size-large is-style-circle-mask\"><img loading=\"lazy\" decoding=\"async\" width=\"720\" height=\"721\" src=\"http:\/\/www.skauti-plzen.cz\/ookenanis\/wp-content\/uploads\/sites\/2\/2020\/08\/T\u00e1mhle-Zde\u0148ka-Ou\u0159adov\u00e1-v\u016fdkyn\u011b-odd\u00edlu-1.jpg\" alt=\"\" class=\"wp-image-114\" srcset=\"https:\/\/www.skauti-plzen.cz\/ookenanis\/wp-content\/uploads\/sites\/2\/2020\/08\/T\u00e1mhle-Zde\u0148ka-Ou\u0159adov\u00e1-v\u016fdkyn\u011b-odd\u00edlu-1.jpg 720w, https:\/\/www.skauti-plzen.cz\/ookenanis\/wp-content\/uploads\/sites\/2\/2020\/08\/T\u00e1mhle-Zde\u0148ka-Ou\u0159adov\u00e1-v\u016fdkyn\u011b-odd\u00edlu-1-300x300.jpg 300w, https:\/\/www.skauti-plzen.cz\/ookenanis\/wp-content\/uploads\/sites\/2\/2020\/08\/T\u00e1mhle-Zde\u0148ka-Ou\u0159adov\u00e1-v\u016fdkyn\u011b-odd\u00edlu-1-150x150.jpg 150w\" sizes=\"auto, (max-width: 720px) 100vw, 720px\" \/><\/figure>\n\n\n\n<h6 class=\"has-text-align-center wp-block-heading\"><strong>T\u00c1MHLE<\/strong><\/h6>\n<\/div>\n<\/div>\n\n\n\n<h2 class=\"has-text-align-center wp-block-heading\">Hlasatel\u00e9 ke sta\u017een\u00ed<\/h2>\n\n\n\n<p class=\"has-text-align-center\"><strong>RO\u010cN\u00cdK 2020\/21<\/strong><\/p>\n\n\n\n<div class=\"wp-block-columns alignwide are-vertically-aligned-center is-layout-flex wp-container-core-columns-is-layout-9d6595d7 wp-block-columns-is-layout-flex\">\n<div class=\"wp-block-column is-vertically-aligned-center is-layout-flow wp-block-column-is-layout-flow\" style=\"flex-basis:33.33%\">\n<div class=\"wp-block-button aligncenter has-custom-width wp-block-button__width-25\"><a class=\"wp-block-button__link\" href=\"https:\/\/drive.google.com\/file\/d\/18nYbTHiLevGey9ewMJTIwrEY1pw0frP9\/view?usp=sharing\">Z\u00c1\u0158\u00cd 2020<\/a><\/div>\n<\/div>\n\n\n\n<div class=\"wp-block-column is-vertically-aligned-center is-layout-flow wp-block-column-is-layout-flow\" style=\"flex-basis:33.33%\">\n<div class=\"wp-block-button aligncenter\"><a class=\"wp-block-button__link\" href=\"https:\/\/drive.google.com\/file\/d\/1S0j7Mw9pBakr9pZG-5p0IHAcFbkUZREv\/view?usp=sharing\">LISTOPAD 2020<\/a><\/div>\n<\/div>\n\n\n\n<div class=\"wp-block-column is-vertically-aligned-center is-layout-flow wp-block-column-is-layout-flow\" style=\"flex-basis:33.33%\">\n<div class=\"wp-block-buttons alignwide is-content-justification-center is-layout-flex wp-block-buttons-is-layout-flex\">\n<div class=\"wp-block-button\"><a class=\"wp-block-button__link\" href=\"https:\/\/drive.google.com\/file\/d\/1cw8Fr9kHdLfY7pjZw0HzbTkNh0CC-jBg\/view?usp=sharing\">Duben 2021<\/a><\/div>\n<\/div>\n<\/div>\n<\/div>\n\n\n\n<p class=\"has-text-align-center\"><strong>RO\u010cN\u00cdK 2019\/20<\/strong><\/p>\n\n\n\n<div class=\"wp-block-columns are-vertically-aligned-center is-layout-flex wp-container-core-columns-is-layout-9d6595d7 wp-block-columns-is-layout-flex\">\n<div class=\"wp-block-column is-vertically-aligned-center is-layout-flow wp-block-column-is-layout-flow\" style=\"flex-basis:50%\">\n<div class=\"wp-block-button aligncenter\"><a class=\"wp-block-button__link has-accent-background-color has-text-color has-background\" href=\"https:\/\/drive.google.com\/file\/d\/1I3leqWUssLY6NnotBX0qgk9jEawmfHD0\/view?usp=sharing\" style=\"color:#f6eeee\">DUBEN 2020<\/a><\/div>\n<\/div>\n\n\n\n<div class=\"wp-block-column is-vertically-aligned-center is-layout-flow wp-block-column-is-layout-flow\" style=\"flex-basis:50%\">\n<div class=\"wp-block-button aligncenter\"><a class=\"wp-block-button__link has-accent-background-color has-text-color has-background\" href=\"https:\/\/drive.google.com\/file\/d\/1_ROoS3b_bcM5QejcT4zmgKoE3Rq06kra\/view?usp=sharing\" style=\"color:#f6eeee\">\u010cERVEN 2020<\/a><\/div>\n<\/div>\n<\/div>\n\n\n\n<p class=\"has-text-align-center\"><strong>RO\u010cN\u00cdK 2018\/19<\/strong><\/p>\n\n\n\n<div class=\"wp-block-columns alignwide are-vertically-aligned-center is-layout-flex wp-container-core-columns-is-layout-9d6595d7 wp-block-columns-is-layout-flex\">\n<div class=\"wp-block-column is-vertically-aligned-center is-layout-flow wp-block-column-is-layout-flow\">\n<div class=\"wp-block-button aligncenter\"><a class=\"wp-block-button__link\" href=\"https:\/\/drive.google.com\/file\/d\/1uX4GiZ5bYxGBLNYIBa50Qdl4MK9OxHD7\/view?usp=sharing\">PROSINEC 2018<\/a><\/div>\n<\/div>\n\n\n\n<div class=\"wp-block-column is-vertically-aligned-center is-layout-flow wp-block-column-is-layout-flow\">\n<div class=\"wp-block-button aligncenter\"><a class=\"wp-block-button__link\" href=\"https:\/\/drive.google.com\/file\/d\/1L2wr0RXsI-Q8uPC_92ZTANHIzVxnLKFU\/view?usp=sharing\">B\u0158EZEN 2019<\/a><\/div>\n<\/div>\n\n\n\n<div class=\"wp-block-column is-vertically-aligned-center is-layout-flow wp-block-column-is-layout-flow\">\n<div class=\"wp-block-button aligncenter\"><a class=\"wp-block-button__link\" href=\"https:\/\/drive.google.com\/file\/d\/1VO6ailS5G7SRrBynmC5EMp_hmwiJIN1P\/view?usp=sharing\">\u010cERVEN 2019<\/a><\/div>\n<\/div>\n<\/div>\n\n\n\n<p class=\"has-text-align-center\"><strong>Dal\u0161\u00ed \u010d\u00edsla (ze star\u0161\u00edch ro\u010dn\u00edk\u016f) postupn\u011b p\u0159id\u00e1me. <\/strong>\ud83d\ude09<\/p>\n","protected":false},"excerpt":{"rendered":"<p>Hlasatel je \u010dasopis od n\u00e1s pro n\u00e1s \u2013 je to odd\u00edlov\u00fd \u010dasopis des\u00edtky a osmn\u00e1ctky a vych\u00e1z\u00ed jednou za dva m\u011bs\u00edce. P\u0159isp\u00edvat do n\u011bj m\u016f\u017ee ka\u017ed\u00fd \u010dlen na\u0161ich odd\u00edl\u016f svou tvorbou \u2013 rozhovory, z\u00e1pisky z v\u00fdprav, hl\u00e1\u0161kami, k\u0159\u00ed\u017eovkami, recenzemi, h\u00e1dankami, komiksy \u2026 Jsme otev\u0159eni v\u0161em n\u00e1pad\u016fm! Sv\u00e9 p\u0159\u00edsp\u011bvky, dotazy i p\u0159ipom\u00ednky k Hlasateli m\u016f\u017eete pos\u00edlat [&hellip;]<\/p>\n","protected":false},"author":3,"featured_media":0,"parent":0,"menu_order":0,"comment_status":"closed","ping_status":"closed","template":"","meta":{"footnotes":""},"class_list":["post-258","page","type-page","status-publish","hentry"],"_links":{"self":[{"href":"https:\/\/www.skauti-plzen.cz\/ookenanis\/wp-json\/wp\/v2\/pages\/258","targetHints":{"allow":["GET"]}}],"collection":[{"href":"https:\/\/www.skauti-plzen.cz\/ookenanis\/wp-json\/wp\/v2\/pages"}],"about":[{"href":"https:\/\/www.skauti-plzen.cz\/ookenanis\/wp-json\/wp\/v2\/types\/page"}],"author":[{"embeddable":true,"href":"https:\/\/www.skauti-plzen.cz\/ookenanis\/wp-json\/wp\/v2\/users\/3"}],"replies":[{"embeddable":true,"href":"https:\/\/www.skauti-plzen.cz\/ookenanis\/wp-json\/wp\/v2\/comments?post=258"}],"version-history":[{"count":43,"href":"https:\/\/www.skauti-plzen.cz\/ookenanis\/wp-json\/wp\/v2\/pages\/258\/revisions"}],"predecessor-version":[{"id":603,"href":"https:\/\/www.skauti-plzen.cz\/ookenanis\/wp-json\/wp\/v2\/pages\/258\/revisions\/603"}],"wp:attachment":[{"href":"https:\/\/www.skauti-plzen.cz\/ookenanis\/wp-json\/wp\/v2\/media?parent=258"}],"curies":[{"name":"wp","href":"https:\/\/api.w.org\/{rel}","templated":true}]}}