{"id":234,"date":"2020-08-24T19:33:23","date_gmt":"2020-08-24T17:33:23","guid":{"rendered":"http:\/\/www.skauti-plzen.cz\/ookenanis\/?page_id=234"},"modified":"2020-08-27T15:35:35","modified_gmt":"2020-08-27T13:35:35","slug":"fotogalerie","status":"publish","type":"page","link":"https:\/\/www.skauti-plzen.cz\/ookenanis\/fotogalerie\/","title":{"rendered":"Fotogalerie"},"content":{"rendered":"\n<p class=\"has-text-align-center\">Tady najdete fotky z na\u0161ich v\u00fdprav a akc\u00ed. <\/p>\n\n\n\n<p class=\"has-text-align-center\">Proto\u017ee mnoh\u00e9 akce m\u00e1me spole\u010dn\u00e9, je i fotogalerie spole\u010dn\u00e1 pro 10. a 18. odd\u00edl.<\/p>\n\n\n\n<script type=\"text\/javascript\" src=\"\/\/ookenanisabilyutes.rajce.idnes.cz\/?insert=js\" charset=\"utf-8\"><\/script>\n","protected":false},"excerpt":{"rendered":"<p>Tady najdete fotky z na\u0161ich v\u00fdprav a akc\u00ed. Proto\u017ee mnoh\u00e9 akce m\u00e1me spole\u010dn\u00e9, je i fotogalerie spole\u010dn\u00e1 pro 10. a 18. odd\u00edl.<\/p>\n","protected":false},"author":2,"featured_media":0,"parent":0,"menu_order":0,"comment_status":"closed","ping_status":"closed","template":"","meta":{"footnotes":""},"class_list":["post-234","page","type-page","status-publish","hentry"],"_links":{"self":[{"href":"https:\/\/www.skauti-plzen.cz\/ookenanis\/wp-json\/wp\/v2\/pages\/234","targetHints":{"allow":["GET"]}}],"collection":[{"href":"https:\/\/www.skauti-plzen.cz\/ookenanis\/wp-json\/wp\/v2\/pages"}],"about":[{"href":"https:\/\/www.skauti-plzen.cz\/ookenanis\/wp-json\/wp\/v2\/types\/page"}],"author":[{"embeddable":true,"href":"https:\/\/www.skauti-plzen.cz\/ookenanis\/wp-json\/wp\/v2\/users\/2"}],"replies":[{"embeddable":true,"href":"https:\/\/www.skauti-plzen.cz\/ookenanis\/wp-json\/wp\/v2\/comments?post=234"}],"version-history":[{"count":6,"href":"https:\/\/www.skauti-plzen.cz\/ookenanis\/wp-json\/wp\/v2\/pages\/234\/revisions"}],"predecessor-version":[{"id":334,"href":"https:\/\/www.skauti-plzen.cz\/ookenanis\/wp-json\/wp\/v2\/pages\/234\/revisions\/334"}],"wp:attachment":[{"href":"https:\/\/www.skauti-plzen.cz\/ookenanis\/wp-json\/wp\/v2\/media?parent=234"}],"curies":[{"name":"wp","href":"https:\/\/api.w.org\/{rel}","templated":true}]}}