{"id":70,"date":"2020-08-22T22:03:59","date_gmt":"2020-08-22T20:03:59","guid":{"rendered":"http:\/\/www.skauti-plzen.cz\/modryutes\/?page_id=70"},"modified":"2020-08-22T22:05:57","modified_gmt":"2020-08-22T20:05:57","slug":"co-s-sebou","status":"publish","type":"page","link":"https:\/\/www.skauti-plzen.cz\/modryutes\/vypravy\/co-s-sebou\/","title":{"rendered":"Co s sebou"},"content":{"rendered":"\n<h2 class=\"wp-block-heading\">Sch\u016fzka<\/h2>\n\n\n\n<ul class=\"wp-block-list\"><li>KPZ<\/li><li>STEZKA<\/li><li>UZLOVA\u010cKA<\/li><li>\u0160\u00c1TEK<\/li><li>KROU\u017dKOV\u00dd BLOK<\/li><li>PSAC\u00cd POT\u0158EBY<\/li><li>\u010cASOPIS<\/li><\/ul>\n\n\n\n<hr class=\"wp-block-separator is-style-dots\"\/>\n\n\n\n<h2 class=\"wp-block-heading\">V\u00fdprava<\/h2>\n\n\n<div class='w3eden'><!-- WPDM Link Template: Default Template -->\n\n<div class=\"link-template-default card mb-2\">\n    <div class=\"card-body\">\n        <div class=\"media\">\n            <div class=\"mr-3 img-48\"><img decoding=\"async\" class=\"wpdm_icon\" alt=\"Ikona\" src=\"https:\/\/www.skauti-plzen.cz\/modryutes\/wp-content\/plugins\/download-manager\/assets\/file-type-icons\/pdf.svg\" \/><\/div>\n            <div class=\"media-body\">\n                <h3 class=\"package-title\"><a href='https:\/\/www.skauti-plzen.cz\/modryutes\/download\/vybaveni-na-vypravu\/'>Vybaven\u00ed na v\u00fdpravu<\/a><\/h3>\n                <div class=\"text-muted text-small\"><i class=\"fas fa-copy\"><\/i> 1 soubor(y) <i class=\"fas fa-hdd ml-3\"><\/i> 89.52 KB<\/div>\n            <\/div>\n            <div class=\"ml-3\">\n                <a class='wpdm-download-link download-on-click btn btn-primary ' rel='nofollow' href='#' data-downloadurl=\"https:\/\/www.skauti-plzen.cz\/modryutes\/download\/vybaveni-na-vypravu\/?wpdmdl=72&refresh=69f70e5246ff31777798738\">St\u00e1hnout<\/a>\n            <\/div>\n        <\/div>\n    <\/div>\n<\/div>\n\n<\/div>\n\n\n\n<h3 class=\"wp-block-heading\">Povinn\u00e1 v\u00fdbava<\/h3>\n\n\n\n<ul class=\"wp-block-list\"><li>KPZ<\/li><li>STEZKA<\/li><li>UZLOVA\u010cKA<\/li><li>N\u016e\u017d<\/li><li>SV\u00cdTILNA<\/li><li>BAL\u00cd\u010cEK PRVN\u00cd POMOCI \u2013 obvaz, n\u00e1plast, Endiaron, Brufen, hroznov\u00fd cukr<\/li><li>SIRKY<\/li><li>\u0160\u00c1TEK + TURB\u00c1NEK<\/li><li>SACCULUS (jen Rychl\u00edci a Jezdci)<\/li><li>KROU\u017dKOV\u00dd BLOK + PSAC\u00cd POT\u0158EBY (tu\u017eka, fix)<\/li><\/ul>\n\n\n\n<h3 class=\"wp-block-heading\">Doporu\u010den\u00e1 v\u00fdbava<\/h3>\n\n\n\n<h4 class=\"wp-block-heading\">Oble\u010den\u00ed<\/h4>\n\n\n\n<h5 class=\"wp-block-heading\">Jednodenn\u00ed v\u00fdprava<\/h5>\n\n\n\n<ul class=\"wp-block-list\"><li><strong>dlouh\u00e9 kalhoty nebo kra\u0165asy, dle po\u010das\u00ed<\/strong><\/li><li><strong>1 p\u00e1r pono\u017eek<\/strong><\/li><li><strong>triko<\/strong><\/li><li><strong>mikina<\/strong><\/li><li><strong>bunda nebo bl\u016fza&nbsp;<\/strong>(dle po\u010das\u00ed)<\/li><li><strong>k\u0161iltovka&nbsp;<\/strong>(v zim\u011b kulich)<\/li><li><strong>kapesn\u00edky<\/strong><\/li><li><strong>rukavice a \u010depice (v zim\u011b)<\/strong><\/li><li><strong>pevn\u00e1 obuv&nbsp;<\/strong>(kanady, pohorky \u2013 boty by m\u011bly b\u00fdt nepromokav\u00e9)<\/li><\/ul>\n\n\n\n<h5 class=\"wp-block-heading\">V\u00edkendov\u00e1 v\u00fdprava<\/h5>\n\n\n\n<ul class=\"wp-block-list\"><li><strong>2x dlouh\u00e9 kalhoty, kra\u0165asy (dle po\u010das\u00ed)<\/strong><\/li><li><strong>2x triko<\/strong><\/li><li><strong>1x mikina<\/strong><\/li><li>k\u0161iltovka&nbsp;(\u010depice, dle po\u010das\u00ed)<\/li><li><strong>1x pevn\u00e1 obuv!!!&nbsp;<\/strong>(kanady, pohorky \u2013 boty by m\u011bly b\u00fdt nepromokav\u00e9)<\/li><li><strong>ko\u0161ile<\/strong><\/li><li><strong>4 p\u00e1ry pono\u017eek<\/strong><\/li><li><strong>spodn\u00ed pr\u00e1dlo<\/strong><\/li><li><strong>nepromokav\u00e1 bunda<\/strong><\/li><li><strong>kapesn\u00edky<\/strong><\/li><li><strong>Pon\u010do<\/strong><\/li><li>rukavice (zima)<\/li><\/ul>\n\n\n\n<h4 class=\"wp-block-heading\">Vybaven\u00ed<\/h4>\n\n\n\n<h5 class=\"wp-block-heading\">Jednodenn\u00ed v\u00fdprava<\/h5>\n\n\n\n<ul class=\"wp-block-list\"><li><strong>skautsk\u00fd \u010dasopis<\/strong><\/li><li><strong>pit\u00ed&nbsp;<\/strong>(alespo\u0148 2 litry)<\/li><li><strong>j\u00eddlo&nbsp;<\/strong>(dle informac\u00ed k v\u00fdprav\u011b)<\/li><li><strong>mobil<\/strong><\/li><li><strong>skautsk\u00e1 pr\u016fkazka<\/strong><\/li><\/ul>\n\n\n\n<h5 class=\"wp-block-heading\">V\u00edce denn\u00ed v\u00fdprava -&gt;&nbsp;<strong>v\u0161e na jednoden\u00ed v\u00fdpravu +<\/strong><\/h5>\n\n\n\n<ul class=\"wp-block-list\"><li><strong>spac\u00e1k<\/strong><\/li><li><strong>karimatka<\/strong><\/li><li><strong>pit\u00ed&nbsp;<\/strong>(alespo\u0148 3 litry)<\/li><li><strong>batoh&nbsp;<\/strong>(dle informac\u00ed k v\u00fdprav\u011b)<\/li><li><strong>sirky<\/strong><\/li><li><strong>e\u0161us<\/strong><\/li><li><strong>kart\u00e1\u010dek na zuby a pasta<\/strong><\/li><li><strong>l\u017e\u00edce<\/strong><\/li><li><strong>otv\u00edr\u00e1k na konzervy<\/strong><\/li><li><strong>baterka<\/strong><\/li><\/ul>\n","protected":false},"excerpt":{"rendered":"<p>Sch\u016fzka KPZ STEZKA UZLOVA\u010cKA \u0160\u00c1TEK KROU\u017dKOV\u00dd BLOK PSAC\u00cd POT\u0158EBY \u010cASOPIS V\u00fdprava Povinn\u00e1 v\u00fdbava KPZ STEZKA UZLOVA\u010cKA N\u016e\u017d SV\u00cdTILNA BAL\u00cd\u010cEK PRVN\u00cd POMOCI \u2013 obvaz, n\u00e1plast, Endiaron, Brufen, hroznov\u00fd cukr SIRKY \u0160\u00c1TEK + TURB\u00c1NEK SACCULUS (jen Rychl\u00edci a Jezdci) KROU\u017dKOV\u00dd BLOK + PSAC\u00cd POT\u0158EBY (tu\u017eka, fix) Doporu\u010den\u00e1 v\u00fdbava Oble\u010den\u00ed Jednodenn\u00ed v\u00fdprava dlouh\u00e9 kalhoty nebo kra\u0165asy, dle po\u010das\u00ed [&hellip;]<\/p>\n","protected":false},"author":1,"featured_media":0,"parent":67,"menu_order":0,"comment_status":"closed","ping_status":"closed","template":"","meta":{"footnotes":""},"class_list":["post-70","page","type-page","status-publish","hentry"],"_links":{"self":[{"href":"https:\/\/www.skauti-plzen.cz\/modryutes\/wp-json\/wp\/v2\/pages\/70","targetHints":{"allow":["GET"]}}],"collection":[{"href":"https:\/\/www.skauti-plzen.cz\/modryutes\/wp-json\/wp\/v2\/pages"}],"about":[{"href":"https:\/\/www.skauti-plzen.cz\/modryutes\/wp-json\/wp\/v2\/types\/page"}],"author":[{"embeddable":true,"href":"https:\/\/www.skauti-plzen.cz\/modryutes\/wp-json\/wp\/v2\/users\/1"}],"replies":[{"embeddable":true,"href":"https:\/\/www.skauti-plzen.cz\/modryutes\/wp-json\/wp\/v2\/comments?post=70"}],"version-history":[{"count":2,"href":"https:\/\/www.skauti-plzen.cz\/modryutes\/wp-json\/wp\/v2\/pages\/70\/revisions"}],"predecessor-version":[{"id":74,"href":"https:\/\/www.skauti-plzen.cz\/modryutes\/wp-json\/wp\/v2\/pages\/70\/revisions\/74"}],"up":[{"embeddable":true,"href":"https:\/\/www.skauti-plzen.cz\/modryutes\/wp-json\/wp\/v2\/pages\/67"}],"wp:attachment":[{"href":"https:\/\/www.skauti-plzen.cz\/modryutes\/wp-json\/wp\/v2\/media?parent=70"}],"curies":[{"name":"wp","href":"https:\/\/api.w.org\/{rel}","templated":true}]}}