{"id":692,"date":"2023-01-16T11:41:21","date_gmt":"2023-01-16T10:41:21","guid":{"rendered":"https:\/\/www.skauti-plzen.cz\/modryutes\/?page_id=692"},"modified":"2023-01-16T19:45:08","modified_gmt":"2023-01-16T18:45:08","slug":"zpravy-z-oddilu","status":"publish","type":"page","link":"https:\/\/www.skauti-plzen.cz\/modryutes\/novinky\/zpravy-z-oddilu\/","title":{"rendered":"Zpr\u00e1vy z odd\u00edlu"},"content":{"rendered":"\n<p>Zde budou zve\u0159ej\u0148ov\u00e1ny m\u011bs\u00ed\u010dn\u00ed zpr\u00e1vy o \u010dinnosti odd\u00edlu<\/p>\n\n\n\n<div class=\"wp-block-group\"><div class=\"wp-block-group__inner-container is-layout-constrained wp-block-group-is-layout-constrained\"><table><tbody><tr>\n\t\t\t\t<td><img decoding=\"async\" src=\"https:\/\/drive-thirdparty.googleusercontent.com\/16\/type\/application\/pdf\"><\/td>\n\t\t\t\t<td><a href=\"https:\/\/drive.google.com\/file\/d\/11YPyX8tqBF7nO-iHXhPKxh53OcKipVx9\/view?usp=drivesdk\" target=\"_blank\">04_2024_12_oddil.pdf<\/a><\/td>\n\t\t\t<\/tr><tr>\n\t\t\t\t<td><img decoding=\"async\" src=\"https:\/\/drive-thirdparty.googleusercontent.com\/16\/type\/application\/pdf\"><\/td>\n\t\t\t\t<td><a href=\"https:\/\/drive.google.com\/file\/d\/11IZwz54Gdpo2FDoQYuA51Xb6_KHfqZ5U\/view?usp=drivesdk\" target=\"_blank\">03_2024_12_oddil.pdf<\/a><\/td>\n\t\t\t<\/tr><tr>\n\t\t\t\t<td><img decoding=\"async\" src=\"https:\/\/drive-thirdparty.googleusercontent.com\/16\/type\/application\/pdf\"><\/td>\n\t\t\t\t<td><a href=\"https:\/\/drive.google.com\/file\/d\/11FWuppV6HzszRe7iRFctP6ddJ1kqgq2K\/view?usp=drivesdk\" target=\"_blank\">02_2024_12_oddil.pdf<\/a><\/td>\n\t\t\t<\/tr><tr>\n\t\t\t\t<td><img decoding=\"async\" src=\"https:\/\/drive-thirdparty.googleusercontent.com\/16\/type\/application\/pdf\"><\/td>\n\t\t\t\t<td><a href=\"https:\/\/drive.google.com\/file\/d\/11D8uHsJ_qRTUoUGeXFgXV8FNwDJFK6sq\/view?usp=drivesdk\" target=\"_blank\">01_2024_12_oddil.pdf<\/a><\/td>\n\t\t\t<\/tr><tr>\n\t\t\t\t<td><img decoding=\"async\" src=\"https:\/\/drive-thirdparty.googleusercontent.com\/16\/type\/application\/pdf\"><\/td>\n\t\t\t\t<td><a href=\"https:\/\/drive.google.com\/file\/d\/11bo86CxzG0h56eh2y_Sfz6MUIEEKpBya\/view?usp=drivesdk\" target=\"_blank\">12_2023_12_oddil.pdf<\/a><\/td>\n\t\t\t<\/tr><tr>\n\t\t\t\t<td><img decoding=\"async\" src=\"https:\/\/drive-thirdparty.googleusercontent.com\/16\/type\/application\/pdf\"><\/td>\n\t\t\t\t<td><a href=\"https:\/\/drive.google.com\/file\/d\/118MKpFBwNjPlIFAJcWub4Y0GvNi1RxQK\/view?usp=drivesdk\" target=\"_blank\">11_2023_12_oddil.pdf<\/a><\/td>\n\t\t\t<\/tr><tr>\n\t\t\t\t<td><img decoding=\"async\" src=\"https:\/\/drive-thirdparty.googleusercontent.com\/16\/type\/application\/pdf\"><\/td>\n\t\t\t\t<td><a href=\"https:\/\/drive.google.com\/file\/d\/113MkTK5HY1xOtK-7_ZzSYIKDs1s0KyFB\/view?usp=drivesdk\" target=\"_blank\">10_2023_12_oddil.pdf<\/a><\/td>\n\t\t\t<\/tr><tr>\n\t\t\t\t<td><img decoding=\"async\" src=\"https:\/\/drive-thirdparty.googleusercontent.com\/16\/type\/application\/pdf\"><\/td>\n\t\t\t\t<td><a href=\"https:\/\/drive.google.com\/file\/d\/112tR9NiwNcGF3zJPSgZcDnqNZk0FmxgQ\/view?usp=drivesdk\" target=\"_blank\">09_2023_12_oddil.pdf<\/a><\/td>\n\t\t\t<\/tr><tr>\n\t\t\t\t<td><img decoding=\"async\" src=\"https:\/\/drive-thirdparty.googleusercontent.com\/16\/type\/application\/pdf\"><\/td>\n\t\t\t\t<td><a href=\"https:\/\/drive.google.com\/file\/d\/1Rxggexxo_PBXUw2vEgNTxUtK8AV7eedN\/view?usp=drivesdk\" target=\"_blank\">03_2023_12_oddil.pdf<\/a><\/td>\n\t\t\t<\/tr><tr>\n\t\t\t\t<td><img decoding=\"async\" src=\"https:\/\/drive-thirdparty.googleusercontent.com\/16\/type\/application\/pdf\"><\/td>\n\t\t\t\t<td><a href=\"https:\/\/drive.google.com\/file\/d\/1RSwThZCMzV-1aZtWtCxbu7UloPh8WbRy\/view?usp=drivesdk\" target=\"_blank\">02_2023_12_oddil.pdf<\/a><\/td>\n\t\t\t<\/tr><tr>\n\t\t\t\t<td><img decoding=\"async\" src=\"https:\/\/drive-thirdparty.googleusercontent.com\/16\/type\/application\/pdf\"><\/td>\n\t\t\t\t<td><a href=\"https:\/\/drive.google.com\/file\/d\/1GtqrmrVJefQ0gIMGYRp9pYx1zV7l0kfe\/view?usp=drivesdk\" target=\"_blank\">01_2023_12_oddil.pdf<\/a><\/td>\n\t\t\t<\/tr><tr>\n\t\t\t\t<td><img decoding=\"async\" src=\"https:\/\/drive-thirdparty.googleusercontent.com\/16\/type\/application\/pdf\"><\/td>\n\t\t\t\t<td><a href=\"https:\/\/drive.google.com\/file\/d\/1AC1Bdz0oPW8lxgYneaUmNHqZRwmrXoaQ\/view?usp=drivesdk\" target=\"_blank\">12_2022_12_oddil.pdf<\/a><\/td>\n\t\t\t<\/tr><\/tbody>\n\t\t\t\t\t\t\t\t<\/table><\/div><\/div>\n","protected":false},"excerpt":{"rendered":"<p>Zde budou zve\u0159ej\u0148ov\u00e1ny m\u011bs\u00ed\u010dn\u00ed zpr\u00e1vy o \u010dinnosti odd\u00edlu<\/p>\n","protected":false},"author":17,"featured_media":0,"parent":8,"menu_order":0,"comment_status":"closed","ping_status":"closed","template":"","meta":{"footnotes":""},"class_list":["post-692","page","type-page","status-publish","hentry"],"_links":{"self":[{"href":"https:\/\/www.skauti-plzen.cz\/modryutes\/wp-json\/wp\/v2\/pages\/692","targetHints":{"allow":["GET"]}}],"collection":[{"href":"https:\/\/www.skauti-plzen.cz\/modryutes\/wp-json\/wp\/v2\/pages"}],"about":[{"href":"https:\/\/www.skauti-plzen.cz\/modryutes\/wp-json\/wp\/v2\/types\/page"}],"author":[{"embeddable":true,"href":"https:\/\/www.skauti-plzen.cz\/modryutes\/wp-json\/wp\/v2\/users\/17"}],"replies":[{"embeddable":true,"href":"https:\/\/www.skauti-plzen.cz\/modryutes\/wp-json\/wp\/v2\/comments?post=692"}],"version-history":[{"count":9,"href":"https:\/\/www.skauti-plzen.cz\/modryutes\/wp-json\/wp\/v2\/pages\/692\/revisions"}],"predecessor-version":[{"id":709,"href":"https:\/\/www.skauti-plzen.cz\/modryutes\/wp-json\/wp\/v2\/pages\/692\/revisions\/709"}],"up":[{"embeddable":true,"href":"https:\/\/www.skauti-plzen.cz\/modryutes\/wp-json\/wp\/v2\/pages\/8"}],"wp:attachment":[{"href":"https:\/\/www.skauti-plzen.cz\/modryutes\/wp-json\/wp\/v2\/media?parent=692"}],"curies":[{"name":"wp","href":"https:\/\/api.w.org\/{rel}","templated":true}]}}