{"id":5,"date":"2020-08-22T18:48:00","date_gmt":"2020-08-22T16:48:00","guid":{"rendered":"http:\/\/www.skauti-plzen.cz\/13bilastrela\/?page_id=5"},"modified":"2020-08-27T13:37:41","modified_gmt":"2020-08-27T11:37:41","slug":"stranky-jsou-v-rekonstrukci","status":"publish","type":"page","link":"https:\/\/www.skauti-plzen.cz\/13bilastrela\/","title":{"rendered":"OS KLUB B\u00cdL\u00c1 ST\u0158ELA"},"content":{"rendered":"\n<div class=\"wp-block-columns alignwide is-layout-flex wp-container-core-columns-is-layout-9d6595d7 wp-block-columns-is-layout-flex\">\n<div class=\"wp-block-column is-layout-flow wp-block-column-is-layout-flow\" style=\"flex-basis:66.66%\">\n<p>N\u00e1\u0161 klub navazuje na dlouholetou tradici odd\u00edlu B\u00edl\u00e1 st\u0159ela &#8211; jeho historie se za\u010dala ps\u00e1t ji\u017e v roce 1945.  Podle z\u00e1jmu na\u0161i \u010dinnost d\u011bl\u00edme do z\u00e1jmov\u00fdch sekc\u00ed, a to na sekci turistickou, historickou, technickou, hudebn\u00ed, ekonomickou.  <\/p>\n\n\n\n<p><\/p>\n\n\n\n<div class=\"wp-block-button alignleft\"><a class=\"wp-block-button__link\" href=\"http:\/\/www.skauti-plzen.cz\/13bilastrela\/nase-historie\/\">V\u00edce Z NA\u0160\u00cd HISTORIE<\/a><\/div>\n<\/div>\n\n\n\n<div class=\"wp-block-column is-layout-flow wp-block-column-is-layout-flow\" style=\"flex-basis:33.33%\">\n<p><strong>Jak\u00e9 akce po\u0159\u00e1d\u00e1me?<\/strong><\/p>\n\n\n\n<ul class=\"wp-block-list\"><li> Pravideln\u00e9 sch\u016fzky klubu.<\/li><li>Spolupracujeme s 11. klubem rodinn\u00e9ho skautingu a d\u011btsk\u00fdm 14. odd\u00edlem B\u00edl\u00e1 st\u0159elka.<\/li><li>Podnik\u00e1me jednodenn\u00ed a v\u00e1cedenn\u00ed v\u00fdpravy, v l\u00e9t\u011b t\u00e1bor.<\/li><li>Po\u0159\u00e1d\u00e1me akce pro oldskautskou ve\u0159ejnost, zejm\u00e9na memori\u00e1l Jo\u017eky Knappa. <\/li><li>Spolupracujeme se zahrani\u010dn\u00edmi oldskauty  <\/li><\/ul>\n<\/div>\n<\/div>\n\n\n\n<h2 class=\"has-text-align-center wp-block-heading\">Dru\u017einy<\/h2>\n\n\n\n<div class=\"wp-block-columns alignwide is-layout-flex wp-container-core-columns-is-layout-9d6595d7 wp-block-columns-is-layout-flex\">\n<div class=\"wp-block-column is-layout-flow wp-block-column-is-layout-flow\">\n<p class=\"has-text-align-center has-large-font-size\"><strong>Mlad\u0161\u00ed<\/strong> <\/p>\n\n\n\n<p class=\"has-text-align-center\"> Za\u010dali skautovat v letech 1990 &#8211; 2000<br><em>(v\u011bk 26-41 let) <\/em> <\/p>\n<\/div>\n\n\n\n<div class=\"wp-block-column is-layout-flow wp-block-column-is-layout-flow\">\n<p class=\"has-text-align-center has-large-font-size\"><strong>Jezevci<\/strong> <\/p>\n\n\n\n<p class=\"has-text-align-center\"> Za\u010dali skautovat v letech 1968 &#8211; 1970<br><em>(v\u011bk 45-65 let)<\/em> <\/p>\n<\/div>\n\n\n\n<div class=\"wp-block-column is-layout-flow wp-block-column-is-layout-flow\">\n<p class=\"has-text-align-center has-large-font-size\"><strong>\u0160ed\u00ed vlci<\/strong> <\/p>\n\n\n\n<p class=\"has-text-align-center\">  Za\u010dali skautovat v letech 1945 &#8211; 1950<br><em>(v\u011bk 83-92 let)<\/em>  <\/p>\n<\/div>\n\n\n\n<div class=\"wp-block-column is-layout-flow wp-block-column-is-layout-flow\">\n<p class=\"has-text-align-center has-large-font-size\"><strong>Medv\u011bdi<\/strong> <\/p>\n\n\n\n<p class=\"has-text-align-center\"><em>(v\u011bk 38-76 let)<\/em><\/p>\n\n\n\n<h6 class=\"has-text-align-center wp-block-heading\">PRA\u017dSK\u00c1 DRU\u017dINA  <\/h6>\n<\/div>\n<\/div>\n\n\n\n<h2 class=\"has-text-align-center wp-block-heading\">Vedouc\u00ed klubu<\/h2>\n\n\n\n<div class=\"wp-block-columns alignwide is-layout-flex wp-container-core-columns-is-layout-9d6595d7 wp-block-columns-is-layout-flex\">\n<div class=\"wp-block-column is-layout-flow wp-block-column-is-layout-flow\">\n<figure class=\"wp-block-image alignwide size-large is-style-circle-mask is-style-rounded\"><img loading=\"lazy\" decoding=\"async\" width=\"1024\" height=\"1024\" src=\"http:\/\/www.skauti-plzen.cz\/13bilastrela\/wp-content\/uploads\/sites\/6\/2020\/08\/logo_B\u00cdL\u00c1_st\u0159ela-1024x1024.jpg\" alt=\"\" class=\"wp-image-14\" srcset=\"https:\/\/www.skauti-plzen.cz\/13bilastrela\/wp-content\/uploads\/sites\/6\/2020\/08\/logo_B\u00cdL\u00c1_st\u0159ela-1024x1024.jpg 1024w, https:\/\/www.skauti-plzen.cz\/13bilastrela\/wp-content\/uploads\/sites\/6\/2020\/08\/logo_B\u00cdL\u00c1_st\u0159ela-300x300.jpg 300w, https:\/\/www.skauti-plzen.cz\/13bilastrela\/wp-content\/uploads\/sites\/6\/2020\/08\/logo_B\u00cdL\u00c1_st\u0159ela-150x150.jpg 150w, https:\/\/www.skauti-plzen.cz\/13bilastrela\/wp-content\/uploads\/sites\/6\/2020\/08\/logo_B\u00cdL\u00c1_st\u0159ela-768x768.jpg 768w, https:\/\/www.skauti-plzen.cz\/13bilastrela\/wp-content\/uploads\/sites\/6\/2020\/08\/logo_B\u00cdL\u00c1_st\u0159ela-1536x1536.jpg 1536w, https:\/\/www.skauti-plzen.cz\/13bilastrela\/wp-content\/uploads\/sites\/6\/2020\/08\/logo_B\u00cdL\u00c1_st\u0159ela-1200x1200.jpg 1200w, https:\/\/www.skauti-plzen.cz\/13bilastrela\/wp-content\/uploads\/sites\/6\/2020\/08\/logo_B\u00cdL\u00c1_st\u0159ela.jpg 1935w\" sizes=\"auto, (max-width: 1024px) 100vw, 1024px\" \/><\/figure>\n\n\n\n<h5 class=\"has-text-align-center wp-block-heading\">HAD\u017dI &#8211; Jaroslav Ma\u0161ek<\/h5>\n\n\n\n<p class=\"has-text-align-center\"><em>\u010destn\u00fd v\u016fdce klubu<\/em> <\/p>\n<\/div>\n\n\n\n<div class=\"wp-block-column is-layout-flow wp-block-column-is-layout-flow\">\n<figure class=\"wp-block-image alignwide size-large is-style-circle-mask\"><img loading=\"lazy\" decoding=\"async\" width=\"1024\" height=\"1024\" src=\"http:\/\/www.skauti-plzen.cz\/13bilastrela\/wp-content\/uploads\/sites\/6\/2020\/08\/logo_B\u00cdL\u00c1_st\u0159ela-1024x1024.jpg\" alt=\"\" class=\"wp-image-14\" srcset=\"https:\/\/www.skauti-plzen.cz\/13bilastrela\/wp-content\/uploads\/sites\/6\/2020\/08\/logo_B\u00cdL\u00c1_st\u0159ela-1024x1024.jpg 1024w, https:\/\/www.skauti-plzen.cz\/13bilastrela\/wp-content\/uploads\/sites\/6\/2020\/08\/logo_B\u00cdL\u00c1_st\u0159ela-300x300.jpg 300w, https:\/\/www.skauti-plzen.cz\/13bilastrela\/wp-content\/uploads\/sites\/6\/2020\/08\/logo_B\u00cdL\u00c1_st\u0159ela-150x150.jpg 150w, https:\/\/www.skauti-plzen.cz\/13bilastrela\/wp-content\/uploads\/sites\/6\/2020\/08\/logo_B\u00cdL\u00c1_st\u0159ela-768x768.jpg 768w, https:\/\/www.skauti-plzen.cz\/13bilastrela\/wp-content\/uploads\/sites\/6\/2020\/08\/logo_B\u00cdL\u00c1_st\u0159ela-1536x1536.jpg 1536w, https:\/\/www.skauti-plzen.cz\/13bilastrela\/wp-content\/uploads\/sites\/6\/2020\/08\/logo_B\u00cdL\u00c1_st\u0159ela-1200x1200.jpg 1200w, https:\/\/www.skauti-plzen.cz\/13bilastrela\/wp-content\/uploads\/sites\/6\/2020\/08\/logo_B\u00cdL\u00c1_st\u0159ela.jpg 1935w\" sizes=\"auto, (max-width: 1024px) 100vw, 1024px\" \/><\/figure>\n\n\n\n<h5 class=\"has-text-align-center wp-block-heading\">ROBIN &#8211; Ji\u0159\u00ed Beran <\/h5>\n\n\n\n<p class=\"has-text-align-center\"><em>v\u016fdce klubu<\/em><\/p>\n<\/div>\n\n\n\n<div class=\"wp-block-column is-layout-flow wp-block-column-is-layout-flow\">\n<figure class=\"wp-block-image alignwide size-large is-style-circle-mask\"><img loading=\"lazy\" decoding=\"async\" width=\"1024\" height=\"1024\" src=\"http:\/\/www.skauti-plzen.cz\/13bilastrela\/wp-content\/uploads\/sites\/6\/2020\/08\/logo_B\u00cdL\u00c1_st\u0159ela-1024x1024.jpg\" alt=\"\" class=\"wp-image-14\" srcset=\"https:\/\/www.skauti-plzen.cz\/13bilastrela\/wp-content\/uploads\/sites\/6\/2020\/08\/logo_B\u00cdL\u00c1_st\u0159ela-1024x1024.jpg 1024w, https:\/\/www.skauti-plzen.cz\/13bilastrela\/wp-content\/uploads\/sites\/6\/2020\/08\/logo_B\u00cdL\u00c1_st\u0159ela-300x300.jpg 300w, https:\/\/www.skauti-plzen.cz\/13bilastrela\/wp-content\/uploads\/sites\/6\/2020\/08\/logo_B\u00cdL\u00c1_st\u0159ela-150x150.jpg 150w, https:\/\/www.skauti-plzen.cz\/13bilastrela\/wp-content\/uploads\/sites\/6\/2020\/08\/logo_B\u00cdL\u00c1_st\u0159ela-768x768.jpg 768w, https:\/\/www.skauti-plzen.cz\/13bilastrela\/wp-content\/uploads\/sites\/6\/2020\/08\/logo_B\u00cdL\u00c1_st\u0159ela-1536x1536.jpg 1536w, https:\/\/www.skauti-plzen.cz\/13bilastrela\/wp-content\/uploads\/sites\/6\/2020\/08\/logo_B\u00cdL\u00c1_st\u0159ela-1200x1200.jpg 1200w, https:\/\/www.skauti-plzen.cz\/13bilastrela\/wp-content\/uploads\/sites\/6\/2020\/08\/logo_B\u00cdL\u00c1_st\u0159ela.jpg 1935w\" sizes=\"auto, (max-width: 1024px) 100vw, 1024px\" \/><\/figure>\n\n\n\n<h5 class=\"has-text-align-center wp-block-heading\">TIM &#8211; Jaroslav Kimmel<\/h5>\n\n\n\n<p class=\"has-text-align-center\"><em>program<\/em><\/p>\n<\/div>\n\n\n\n<div class=\"wp-block-column is-layout-flow wp-block-column-is-layout-flow\">\n<figure class=\"wp-block-image alignwide size-large is-style-circle-mask\"><img loading=\"lazy\" decoding=\"async\" width=\"1024\" height=\"1024\" src=\"http:\/\/www.skauti-plzen.cz\/13bilastrela\/wp-content\/uploads\/sites\/6\/2020\/08\/logo_B\u00cdL\u00c1_st\u0159ela-1024x1024.jpg\" alt=\"\" class=\"wp-image-14\" srcset=\"https:\/\/www.skauti-plzen.cz\/13bilastrela\/wp-content\/uploads\/sites\/6\/2020\/08\/logo_B\u00cdL\u00c1_st\u0159ela-1024x1024.jpg 1024w, https:\/\/www.skauti-plzen.cz\/13bilastrela\/wp-content\/uploads\/sites\/6\/2020\/08\/logo_B\u00cdL\u00c1_st\u0159ela-300x300.jpg 300w, https:\/\/www.skauti-plzen.cz\/13bilastrela\/wp-content\/uploads\/sites\/6\/2020\/08\/logo_B\u00cdL\u00c1_st\u0159ela-150x150.jpg 150w, https:\/\/www.skauti-plzen.cz\/13bilastrela\/wp-content\/uploads\/sites\/6\/2020\/08\/logo_B\u00cdL\u00c1_st\u0159ela-768x768.jpg 768w, https:\/\/www.skauti-plzen.cz\/13bilastrela\/wp-content\/uploads\/sites\/6\/2020\/08\/logo_B\u00cdL\u00c1_st\u0159ela-1536x1536.jpg 1536w, https:\/\/www.skauti-plzen.cz\/13bilastrela\/wp-content\/uploads\/sites\/6\/2020\/08\/logo_B\u00cdL\u00c1_st\u0159ela-1200x1200.jpg 1200w, https:\/\/www.skauti-plzen.cz\/13bilastrela\/wp-content\/uploads\/sites\/6\/2020\/08\/logo_B\u00cdL\u00c1_st\u0159ela.jpg 1935w\" sizes=\"auto, (max-width: 1024px) 100vw, 1024px\" \/><\/figure>\n\n\n\n<h5 class=\"has-text-align-center wp-block-heading\">ORL\u00cdK &#8211; Vladim\u00edr Singer<\/h5>\n\n\n\n<p class=\"has-text-align-center\"><em>technick\u00e9 z\u00e1zem\u00ed<\/em><\/p>\n<\/div>\n<\/div>\n\n\n\n<p><\/p>\n\n\n\n<div class=\"wp-block-columns alignwide is-layout-flex wp-container-core-columns-is-layout-9d6595d7 wp-block-columns-is-layout-flex\">\n<div class=\"wp-block-column is-layout-flow wp-block-column-is-layout-flow\"><\/div>\n\n\n\n<div class=\"wp-block-column is-layout-flow wp-block-column-is-layout-flow\">\n<figure class=\"wp-block-image alignwide size-large is-style-circle-mask\"><img loading=\"lazy\" decoding=\"async\" width=\"1024\" height=\"1024\" src=\"http:\/\/www.skauti-plzen.cz\/13bilastrela\/wp-content\/uploads\/sites\/6\/2020\/08\/logo_B\u00cdL\u00c1_st\u0159ela-1024x1024.jpg\" alt=\"\" class=\"wp-image-14\" srcset=\"https:\/\/www.skauti-plzen.cz\/13bilastrela\/wp-content\/uploads\/sites\/6\/2020\/08\/logo_B\u00cdL\u00c1_st\u0159ela-1024x1024.jpg 1024w, https:\/\/www.skauti-plzen.cz\/13bilastrela\/wp-content\/uploads\/sites\/6\/2020\/08\/logo_B\u00cdL\u00c1_st\u0159ela-300x300.jpg 300w, https:\/\/www.skauti-plzen.cz\/13bilastrela\/wp-content\/uploads\/sites\/6\/2020\/08\/logo_B\u00cdL\u00c1_st\u0159ela-150x150.jpg 150w, https:\/\/www.skauti-plzen.cz\/13bilastrela\/wp-content\/uploads\/sites\/6\/2020\/08\/logo_B\u00cdL\u00c1_st\u0159ela-768x768.jpg 768w, https:\/\/www.skauti-plzen.cz\/13bilastrela\/wp-content\/uploads\/sites\/6\/2020\/08\/logo_B\u00cdL\u00c1_st\u0159ela-1536x1536.jpg 1536w, https:\/\/www.skauti-plzen.cz\/13bilastrela\/wp-content\/uploads\/sites\/6\/2020\/08\/logo_B\u00cdL\u00c1_st\u0159ela-1200x1200.jpg 1200w, https:\/\/www.skauti-plzen.cz\/13bilastrela\/wp-content\/uploads\/sites\/6\/2020\/08\/logo_B\u00cdL\u00c1_st\u0159ela.jpg 1935w\" sizes=\"auto, (max-width: 1024px) 100vw, 1024px\" \/><\/figure>\n\n\n\n<h5 class=\"has-text-align-center wp-block-heading\">VOKOUN &#8211; Petr N\u00e1hl\u00edk <\/h5>\n\n\n\n<p class=\"has-text-align-center\"><em> ekonomick\u00e9 a organiza\u010dn\u00ed z\u00e1zem\u00ed <\/em><\/p>\n<\/div>\n\n\n\n<div class=\"wp-block-column is-layout-flow wp-block-column-is-layout-flow\">\n<figure class=\"wp-block-image alignwide size-large is-style-circle-mask\"><img loading=\"lazy\" decoding=\"async\" width=\"1024\" height=\"1024\" src=\"http:\/\/www.skauti-plzen.cz\/13bilastrela\/wp-content\/uploads\/sites\/6\/2020\/08\/logo_B\u00cdL\u00c1_st\u0159ela-1024x1024.jpg\" alt=\"\" class=\"wp-image-14\" srcset=\"https:\/\/www.skauti-plzen.cz\/13bilastrela\/wp-content\/uploads\/sites\/6\/2020\/08\/logo_B\u00cdL\u00c1_st\u0159ela-1024x1024.jpg 1024w, https:\/\/www.skauti-plzen.cz\/13bilastrela\/wp-content\/uploads\/sites\/6\/2020\/08\/logo_B\u00cdL\u00c1_st\u0159ela-300x300.jpg 300w, https:\/\/www.skauti-plzen.cz\/13bilastrela\/wp-content\/uploads\/sites\/6\/2020\/08\/logo_B\u00cdL\u00c1_st\u0159ela-150x150.jpg 150w, https:\/\/www.skauti-plzen.cz\/13bilastrela\/wp-content\/uploads\/sites\/6\/2020\/08\/logo_B\u00cdL\u00c1_st\u0159ela-768x768.jpg 768w, https:\/\/www.skauti-plzen.cz\/13bilastrela\/wp-content\/uploads\/sites\/6\/2020\/08\/logo_B\u00cdL\u00c1_st\u0159ela-1536x1536.jpg 1536w, https:\/\/www.skauti-plzen.cz\/13bilastrela\/wp-content\/uploads\/sites\/6\/2020\/08\/logo_B\u00cdL\u00c1_st\u0159ela-1200x1200.jpg 1200w, https:\/\/www.skauti-plzen.cz\/13bilastrela\/wp-content\/uploads\/sites\/6\/2020\/08\/logo_B\u00cdL\u00c1_st\u0159ela.jpg 1935w\" sizes=\"auto, (max-width: 1024px) 100vw, 1024px\" \/><\/figure>\n\n\n\n<h5 class=\"has-text-align-center wp-block-heading\">Radana Vrz\u00e1kov\u00e1<\/h5>\n\n\n\n<p class=\"has-text-align-center\"><em>zdravotnice<\/em><\/p>\n<\/div>\n\n\n\n<div class=\"wp-block-column is-layout-flow wp-block-column-is-layout-flow\"><\/div>\n<\/div>\n\n\n\n<h2 class=\"has-text-align-center wp-block-heading\">Kontakt<\/h2>\n\n\n\n<div class=\"wp-block-columns alignwide is-layout-flex wp-container-core-columns-is-layout-9d6595d7 wp-block-columns-is-layout-flex\">\n<div class=\"wp-block-column is-layout-flow wp-block-column-is-layout-flow\">\n<figure class=\"wp-block-image alignwide size-large\"><img loading=\"lazy\" decoding=\"async\" width=\"952\" height=\"1024\" src=\"http:\/\/www.skauti-plzen.cz\/13bilastrela\/wp-content\/uploads\/sites\/6\/2020\/08\/bila_strela_junak-952x1024.png\" alt=\"\" class=\"wp-image-26\" srcset=\"https:\/\/www.skauti-plzen.cz\/13bilastrela\/wp-content\/uploads\/sites\/6\/2020\/08\/bila_strela_junak-952x1024.png 952w, https:\/\/www.skauti-plzen.cz\/13bilastrela\/wp-content\/uploads\/sites\/6\/2020\/08\/bila_strela_junak-279x300.png 279w, https:\/\/www.skauti-plzen.cz\/13bilastrela\/wp-content\/uploads\/sites\/6\/2020\/08\/bila_strela_junak-768x826.png 768w, https:\/\/www.skauti-plzen.cz\/13bilastrela\/wp-content\/uploads\/sites\/6\/2020\/08\/bila_strela_junak-1429x1536.png 1429w, https:\/\/www.skauti-plzen.cz\/13bilastrela\/wp-content\/uploads\/sites\/6\/2020\/08\/bila_strela_junak-1905x2048.png 1905w, https:\/\/www.skauti-plzen.cz\/13bilastrela\/wp-content\/uploads\/sites\/6\/2020\/08\/bila_strela_junak-1200x1290.png 1200w, https:\/\/www.skauti-plzen.cz\/13bilastrela\/wp-content\/uploads\/sites\/6\/2020\/08\/bila_strela_junak-1980x2129.png 1980w\" sizes=\"auto, (max-width: 952px) 100vw, 952px\" \/><\/figure>\n<\/div>\n\n\n\n<div class=\"wp-block-column is-layout-flow wp-block-column-is-layout-flow\">\n<p><strong>Jun\u00e1k \u2013 \u010desk\u00fd skaut,<\/strong><br><strong>st\u0159edisko Jo\u017eky Knappa, z. s.<\/strong><br> <strong>\u2013 <\/strong> <strong>13. klub OS B\u00edl\u00e1 st\u0159ela<\/strong> <br>Hlubok\u00e1 19<br>Plze\u0148<br>326 00 <\/p>\n<\/div>\n\n\n\n<div class=\"wp-block-column is-layout-flow wp-block-column-is-layout-flow\">\n<p><strong>Robin &#8211; Ji\u0159\u00ed Beran<br><\/strong><em>v\u016fdce odd\u00edlu<\/em><br>jiri.robin.beran@gmail.com<\/p>\n\n\n\n<p><\/p>\n<\/div>\n\n\n\n<div class=\"wp-block-column is-layout-flow wp-block-column-is-layout-flow\">\n<div class=\"wp-block-image is-style-circle-mask\"><figure class=\"aligncenter size-large is-resized\"><img loading=\"lazy\" decoding=\"async\" src=\"http:\/\/www.skauti-plzen.cz\/13bilastrela\/wp-content\/uploads\/sites\/6\/2020\/08\/klubovna.jpg\" alt=\"\" class=\"wp-image-52\" width=\"233\" height=\"156\"\/><\/figure><\/div>\n<\/div>\n<\/div>\n\n\n\n<p><\/p>\n\n\n\n<div class=\"wp-block-columns alignwide is-layout-flex wp-container-core-columns-is-layout-9d6595d7 wp-block-columns-is-layout-flex\">\n<div class=\"wp-block-column is-layout-flow wp-block-column-is-layout-flow\" style=\"flex-basis:15%\"><\/div>\n\n\n\n<div class=\"wp-block-column is-layout-flow wp-block-column-is-layout-flow\" style=\"flex-basis:70%\">\n<iframe loading=\"lazy\" style=\"border:none\" src=\"https:\/\/frame.mapy.cz\/s\/gosekezaka\" width=\"400\" height=\"280\" frameborder=\"0\"><\/iframe>\n\n\n\n<p><\/p>\n<\/div>\n\n\n\n<div class=\"wp-block-column is-layout-flow wp-block-column-is-layout-flow\" style=\"flex-basis:15%\"><\/div>\n<\/div>\n","protected":false},"excerpt":{"rendered":"<p>N\u00e1\u0161 klub navazuje na dlouholetou tradici odd\u00edlu B\u00edl\u00e1 st\u0159ela &#8211; jeho historie se za\u010dala ps\u00e1t ji\u017e v roce 1945. Podle z\u00e1jmu na\u0161i \u010dinnost d\u011bl\u00edme do z\u00e1jmov\u00fdch sekc\u00ed, a to na sekci turistickou, historickou, technickou, hudebn\u00ed, ekonomickou. Jak\u00e9 akce po\u0159\u00e1d\u00e1me? Pravideln\u00e9 sch\u016fzky klubu. Spolupracujeme s 11. klubem rodinn\u00e9ho skautingu a d\u011btsk\u00fdm 14. odd\u00edlem B\u00edl\u00e1 st\u0159elka. Podnik\u00e1me [&hellip;]<\/p>\n","protected":false},"author":1,"featured_media":0,"parent":0,"menu_order":0,"comment_status":"closed","ping_status":"closed","template":"","meta":{"footnotes":""},"class_list":["post-5","page","type-page","status-publish","hentry"],"_links":{"self":[{"href":"https:\/\/www.skauti-plzen.cz\/13bilastrela\/wp-json\/wp\/v2\/pages\/5","targetHints":{"allow":["GET"]}}],"collection":[{"href":"https:\/\/www.skauti-plzen.cz\/13bilastrela\/wp-json\/wp\/v2\/pages"}],"about":[{"href":"https:\/\/www.skauti-plzen.cz\/13bilastrela\/wp-json\/wp\/v2\/types\/page"}],"author":[{"embeddable":true,"href":"https:\/\/www.skauti-plzen.cz\/13bilastrela\/wp-json\/wp\/v2\/users\/1"}],"replies":[{"embeddable":true,"href":"https:\/\/www.skauti-plzen.cz\/13bilastrela\/wp-json\/wp\/v2\/comments?post=5"}],"version-history":[{"count":17,"href":"https:\/\/www.skauti-plzen.cz\/13bilastrela\/wp-json\/wp\/v2\/pages\/5\/revisions"}],"predecessor-version":[{"id":58,"href":"https:\/\/www.skauti-plzen.cz\/13bilastrela\/wp-json\/wp\/v2\/pages\/5\/revisions\/58"}],"wp:attachment":[{"href":"https:\/\/www.skauti-plzen.cz\/13bilastrela\/wp-json\/wp\/v2\/media?parent=5"}],"curies":[{"name":"wp","href":"https:\/\/api.w.org\/{rel}","templated":true}]}}