{"id":17,"date":"2020-08-26T16:10:45","date_gmt":"2020-08-26T14:10:45","guid":{"rendered":"http:\/\/www.skauti-plzen.cz\/13bilastrela\/?page_id=17"},"modified":"2020-08-26T16:10:45","modified_gmt":"2020-08-26T14:10:45","slug":"nase-historie","status":"publish","type":"page","link":"https:\/\/www.skauti-plzen.cz\/13bilastrela\/nase-historie\/","title":{"rendered":"Na\u0161e historie"},"content":{"rendered":"\n<h5 class=\"wp-block-heading\"><strong>1945<\/strong><\/h5>\n\n\n\n<ul class=\"wp-block-list\"><li>Had\u017ei\nzakl\u00e1d\u00e1 B\u00edlou st\u0159elu &#8211; prvn\u00ed sch\u016fzka odd\u00edlu v sobotu 23. \u010dervna 1945<ul><li>3\nt\u00e1bory u M\u017ee a ve Svoj\u0161\u00edn\u011b<\/li><\/ul><\/li><\/ul>\n\n\n\n<h5 class=\"wp-block-heading\"><strong>1949<\/strong><\/h5>\n\n\n\n<ul class=\"wp-block-list\"><li>Likvidace\na z\u00e1kaz jun\u00e1ck\u00e9 organizace<ul><li>P\u0159i\nlikvidaci jun\u00e1ck\u00e9 organizace je v B\u00edl\u00e9 st\u0159ele 35 d\u011bt\u00ed<\/li><\/ul><ul><li>B\u00edl\u00e1\nst\u0159ela p\u0159ich\u00e1z\u00ed o kompletn\u00ed t\u00e1borov\u00e9 vybaven\u00ed a klubovnu pod sv. Mikul\u00e1\u0161em<\/li><\/ul><ul><li>B\u00edl\u00e1\nst\u0159ela pokra\u010duje v ilegalit\u011b v Plzni do roku 1955<\/li><\/ul><ul><li>B\u00edl\u00e1\nst\u0159ela pokra\u010duje v ilegalit\u011b pod veden\u00edm Had\u017eiho v Praze do roku 1958<\/li><\/ul><\/li><\/ul>\n\n\n\n<h5 class=\"wp-block-heading\"><strong>1968<\/strong><\/h5>\n\n\n\n<ul class=\"wp-block-list\"><li>Had\u017ei\nobnovuje B\u00edlou st\u0159elu &#8211; zahajovac\u00ed sch\u016fzka 6. kv\u011btna 1968<ul><li>3\nt\u00e1bory ve Svoj\u0161\u00edn\u011b<\/li><\/ul><ul><li>Formou\nbrig\u00e1d z\u00edsk\u00e1v\u00e1 B\u00edl\u00e1 st\u0159ela pen\u00edze na t\u00e1borov\u00e9 vybaven\u00ed, dotace neexistuj\u00ed<\/li><\/ul><\/li><\/ul>\n\n\n\n<h5 class=\"wp-block-heading\"><strong>1969<\/strong><\/h5>\n\n\n\n<ul class=\"wp-block-list\"><li>Had\u017ei\nzaji\u0161\u0165uje pozemek pro stavbu klubovny v Hlubok\u00e9 ulici, vypracuje projektovou\ndokumentaci, z\u00edsk\u00e1v\u00e1 stavebn\u00ed povolen\u00ed a B\u00edl\u00e1 st\u0159ela za\u010d\u00edn\u00e1 stavbu klubovny<\/li><\/ul>\n\n\n\n<h5 class=\"wp-block-heading\"><strong>1970<\/strong><\/h5>\n\n\n\n<ul class=\"wp-block-list\"><li>Likvidace\na z\u00e1kaz jun\u00e1ck\u00e9 organizace<ul><li>P\u0159i\nlikvidaci jun\u00e1ck\u00e9 organizace je v B\u00edl\u00e9 st\u0159ele 28 d\u011bt\u00ed<\/li><\/ul><ul><li>B\u00edl\u00e1\nst\u0159ela p\u0159ich\u00e1z\u00ed&nbsp;o klubovnu v Hlubok\u00e9 ulici a kompletn\u00ed t\u00e1borov\u00e9 vybaven\u00ed<\/li><\/ul><ul><li>\u010c\u00e1st\nodd\u00edlu pokra\u010duje pod veden\u00edm Robina jako klub \u010dasopisu ABC<\/li><\/ul><\/li><\/ul>\n\n\n\n<h5 class=\"wp-block-heading\"><strong>1984<\/strong><\/h5>\n\n\n\n<ul class=\"wp-block-list\"><li>Neofici\u00e1ln\u00ed\nrodinn\u00fd skauting<ul><li>Rodiny\ns mal\u00fdmi d\u011btmi ve v\u011bku 1 a\u017e 3 roky, v\u011bt\u0161ina rodin z B\u00edl\u00e9 st\u0159ely, Modr\u00e9 st\u0159ely,\nKotvy a Ji\u017en\u00edho k\u0159\u00ed\u017ee<\/li><\/ul><ul><li>3\nt\u00e1bory ve Zdemyslic\u00edch u Bob\u0159\u00ed \u0159\u00ed\u010dky \u00daslavy<\/li><\/ul><\/li><\/ul>\n\n\n\n<h5 class=\"wp-block-heading\"><strong>1988<\/strong><\/h5>\n\n\n\n<ul class=\"wp-block-list\"><li>Vytvo\u0159en\u00ed\ndru\u017einy Rys\u016f<ul><li>Dru\u017einu\nRys\u016f vede Robin a \u0160utr, celkem 12 d\u011bt\u00ed<\/li><\/ul><ul><li>P\u0159ed\u0161koln\u00ed\nd\u011bti z neofici\u00e1ln\u00edho rodinn\u00e9ho skautingu<\/li><\/ul><ul><li>Dru\u017eina\nRys\u016f pracuje p\u0159i vod\u00e1ck\u00e9m odd\u00edle Kotva v Doudlevc\u00edch<\/li><\/ul><ul><li>1\nt\u00e1bor ve Zdemyslic\u00edch u Bob\u0159\u00ed \u0159\u00ed\u010dky \u00daslavy<\/li><\/ul><\/li><\/ul>\n\n\n\n<h5 class=\"wp-block-heading\"><strong>1990<\/strong><\/h5>\n\n\n\n<ul class=\"wp-block-list\"><li>Robin\na \u0160utr obnovuj\u00ed B\u00edlou st\u0159elu<ul><li>Ge\u0148a\nobnovuje B\u00edlou st\u0159elku<\/li><\/ul><ul><li>Had\u017ei\nzakl\u00e1d\u00e1 oldskautsk\u00fd klub<\/li><\/ul><ul><li>Had\u017ei\nz\u00edsk\u00e1v\u00e1 od tehdej\u0161\u00edho SSM zp\u011bt klubovnu a Robin pozemek pod klubovnou<\/li><\/ul><ul><li>Pr\u00e1ce\nna oprav\u011b zdevastovan\u00e9 klubovny, ve\u0161ker\u00fd materi\u00e1l dod\u00e1vaj\u00ed \u010dlenov\u00e9 odd\u00edlu a\njejich rodi\u010de z vlastn\u00edch zdroj\u016f, dotace neexistuj\u00ed<\/li><\/ul><ul><li>B\u00edl\u00e1\nst\u0159ela a B\u00edl\u00e1 st\u0159elka spolu s rodi\u010di a oldskauty jezd\u00ed na lesn\u00ed brig\u00e1dy, za\nvyd\u011blan\u00e9 pen\u00edze jsou nakoupeny podsadov\u00e9 stany, plachta pro kuchyni a stany s\npodl\u00e1\u017ekou Start, je splacena p\u016fj\u010dka<\/li><\/ul><ul><li>B\u00edl\u00e1\nst\u0159ela a B\u00edl\u00e1 st\u0159elka spole\u010dn\u011b po\u0159\u00e1daj\u00ed pro ve\u0159ejnost jarn\u00ed a podzimn\u00ed b\u011bhy\nHomolkou, z\u00e1vody v uzlov\u00e1n\u00ed a sout\u011b\u017ee ve zp\u011bvu Skautsk\u00e9 zp\u00edv\u00e1nky<\/li><\/ul><ul><li>10\nt\u00e1bor\u016f ve Zdemyslic\u00edch u Bob\u0159\u00ed \u0159\u00ed\u010dky \u00daslavy, Radkovic\u00edch a Neusch\u00f6nau<\/li><\/ul><\/li><\/ul>\n\n\n\n<h5 class=\"wp-block-heading\"><strong>2000<\/strong><\/h5>\n\n\n\n<ul class=\"wp-block-list\"><li>Oba\nodd\u00edly p\u0159ed\u00e1ny nov\u00e9mu veden\u00ed<ul><li>55.\nodd\u00edl B\u00edl\u00e1 st\u0159ela byl p\u0159ed\u00e1n s 30 d\u011btmi<\/li><\/ul><ul><li>55.\nd\u00edv\u010d\u00ed odd\u00edl B\u00edl\u00e1 st\u0159elka byl p\u0159ed\u00e1n s 13 d\u011btmi<\/li><\/ul><ul><li>Oba\nodd\u00edly byly p\u0159ed\u00e1ny s vybavenou klubovnou a \u00fapln\u00fdm a funk\u010dn\u00edm t\u00e1borov\u00fdm\nvybaven\u00edm<\/li><\/ul><ul><li>B\u00edl\u00e1\nst\u0159elka zanik\u00e1<\/li><\/ul><ul><li>B\u00edl\u00e1\nst\u0159ela p\u0159ech\u00e1z\u00ed z 5. st\u0159ediska St\u0159ela do 1. st\u0159ediska Jo\u017eky Knappa a to s\nvybavenou klubovnou a \u00fapln\u00fdm t\u00e1borov\u00fdm vybaven\u00edm<\/li><\/ul><ul><li>Pokles\n\u010dlensk\u00e9 z\u00e1kladny zejm\u00e9na vl\u010dat a sv\u011btlu\u0161ek<\/li><\/ul><ul><li>12\nt\u00e1bor\u016f, pozd\u011bji pro nedostatek d\u011bt\u00ed spolu s 15. odd\u00edlem \u017dlut\u00fd \u00fates<\/li><\/ul><ul><li>Ukon\u010den\u00ed\naktivit pro ve\u0159ejnost, v\u010detn\u011b tradi\u010dn\u00edch Skautsk\u00fdch zp\u00edv\u00e1nek<\/li><\/ul><ul><li>V\nroce 2013 ukon\u010den\u00ed \u010dinnosti odd\u00edlu pro minimum \u010dlensk\u00e9 z\u00e1kladny a nez\u00e1jem o\nveden\u00ed odd\u00edlu<\/li><\/ul><\/li><\/ul>\n\n\n\n<h5 class=\"wp-block-heading\"><strong>2013<\/strong><\/h5>\n\n\n\n<ul class=\"wp-block-list\"><li>Pad\u00e1k\nspolu se Silverem obnovuj\u00ed 11. odd\u00edl B\u00edl\u00e1 st\u0159ela jako odd\u00edl rodinn\u00e9ho skautingu<ul><li>Robin\nspolu se \u0160utrem, Vokounem, Timem, Ge\u0148ou a Had\u017eim po\u010d\u00ednaj\u00ed aktivn\u011b pracovat v\n13. OS klubu B\u00edl\u00e1 st\u0159ela<\/li><\/ul><\/li><\/ul>\n\n\n\n<h5 class=\"wp-block-heading\"><strong>2014<\/strong><\/h5>\n\n\n\n<ul class=\"wp-block-list\"><li>Spole\u010dn\u00fd\nt\u00e1bor 11. odd\u00edlu rodinn\u00e9ho skautingu a 13. OS klubu na Brdech v Nov\u00fdch\nMitrovic\u00edch<ul><li>Spolu\ns 11. odd\u00edlem rodinn\u00e9ho skautingu obnovuje 13. OS klub tradici skautsk\u00e9ho\nzpravodajsk\u00e9ho z\u00e1vodu Knapp\u016fv memori\u00e1l pro dosp\u011bl\u00e9<\/li><\/ul><\/li><\/ul>\n\n\n\n<h5 class=\"wp-block-heading\"><strong>2015<\/strong><\/h5>\n\n\n\n<ul class=\"wp-block-list\"><li>Spole\u010dn\u00fd\nt\u00e1bor 11. odd\u00edlu rodinn\u00e9ho skautingu a 13. OS klubu na \u0160umav\u011b v Hamrech<ul><li>B\u00edl\u00e1\nst\u0159ela spole\u010dn\u011b s OS klubem opravuj\u00ed zanedbanou klubovnu a prov\u00e1d\u00ed zateplov\u00e1n\u00ed\nstropu<\/li><\/ul><ul><li>Oldskauti\npo\u0159\u00e1daj\u00ed prvn\u00ed ro\u010dn\u00edk Podzimn\u00edho brdsk\u00e9ho toul\u00e1n\u00ed.<\/li><\/ul><\/li><\/ul>\n\n\n\n<h5 class=\"wp-block-heading\"><strong>2016<\/strong><strong><\/strong><\/h5>\n\n\n\n<ul class=\"wp-block-list\"><li>Spole\u010dn\u00fd\nt\u00e1bor 11. odd\u00edlu rodinn\u00e9ho skautingu a 13. OS klubu ne hrad\u011b\nSchweppermannsburg, Bavorsko &#8211; T\u00e1bor pod hradn\u00ed v\u011b\u017e\u00ed. <\/li><\/ul>\n\n\n\n<h5 class=\"wp-block-heading\"><strong>2017<\/strong><\/h5>\n\n\n\n<ul class=\"wp-block-list\"><li>Oldskauti\npo\u0159\u00e1daj\u00ed v&nbsp;Hamrech na \u0160umav\u011b n\u011bkolik setk\u00e1n\u00ed oldskaut\u016f B\u00edl\u00e9 st\u0159ely a\noldskaut\u016f GSG z&nbsp;bavorsk\u00e9ho Rosenbergu.<\/li><li>V\u00edcedenn\u00ed\nv\u00fdprava oldskaut\u016f&nbsp; B\u00edl\u00e9 st\u0159ely a GSG\nz&nbsp;Rosenbergu do Berl\u00edna. <\/li><li>Spole\u010dn\u00fd\nt\u00e1bor 11. odd\u00edlu rodinn\u00e9ho skautingu a 13. OS klubu v Hamrech na \u0160umav\u011b \u2013 T\u00e1bor\nstuden\u00fdch vod.<\/li><\/ul>\n\n\n\n<h5 class=\"wp-block-heading\"><strong>2018<\/strong><\/h5>\n\n\n\n<ul class=\"wp-block-list\"><li>Obnoven\u00ed\nodd\u00edlu B\u00edl\u00e1 st\u0159elka jako odd\u00edlu rodinn\u00e9ho skautingu.<\/li><li>Oldskauti&nbsp; putuj\u00ed dlouhodob\u011b po stop\u00e1ch Jana Bla\u017eeje\nSantiniho \u2013 Aichela<\/li><li>V\u00fdprava\noldskaut\u016f&nbsp; B\u00edl\u00e9 st\u0159ely a GSG z&nbsp;Rosenbergu\ndo Bayrischen Landtag v&nbsp;Mnichov\u011b<\/li><li>Plavba po\nDunaji z&nbsp;Neustad an der Donau do Kelheim<\/li><li>\u00da\u010dast oldskaut\u016f\nna p\u00e1t\u00e9m n\u00e1rodn\u00edm oldskautsk\u00e9m&nbsp; jamboree\nv&nbsp;Milet\u00edn\u011b.<\/li><li>Spole\u010dn\u00fd\nt\u00e1bor 11. odd\u00edlu rodinn\u00e9ho skautingu, 14. odd\u00edlu skaut\u016f a 13. OS klubu v n\u00e1rodn\u00edm\nparku V\u00e1pencov\u00e9 Alpy, Rakousko \u2013 T\u00e1bor u medv\u011bd\u00ed \u0159eky<\/li><li>Oldskauti\npo\u0159\u00e1daj\u00ed \u0160umavsk\u00e9 toulky.<\/li><\/ul>\n\n\n\n<h5 class=\"wp-block-heading\"><strong>2019<\/strong><\/h5>\n\n\n\n<ul class=\"wp-block-list\"><li>Zaji\u0161t\u011bni\nworkshopu pr\u00e1ce s&nbsp;d\u0159evem a z\u00e1klad\u016f vy\u0159ez\u00e1v\u00e1n\u00ed pro Skautsk\u00fd institut. <\/li><li>\u00da\u010dast na\noslav\u00e1ch t\u0159iceti let trv\u00e1n\u00ed skautingu Sankt Georg v&nbsp;Rosenbergu.<\/li><li>Spole\u010dn\u00fd\nt\u00e1bor 11. odd\u00edlu rodinn\u00e9ho skautingu, 14. odd\u00edlu skaut\u016f a 13. OS klubu v&nbsp;bavorsk\u00e9m\nn\u00e1rodn\u00edm parku, Neusch\u00f6nau, Bavorsko \u2013 T\u00e1bor na pa\u0161er\u00e1ck\u00e9 stezce.<\/li><li>Oldskauti\npo\u0159\u00e1daj\u00ed na skautsk\u00e9 z\u00e1kladn\u011b B\u00edl\u00fd orel Podzimn\u00ed \u0160umavsk\u00e9 zadum\u00e1n\u00ed<\/li><\/ul>\n\n\n\n<h5 class=\"wp-block-heading\"><strong>2020<\/strong><\/h5>\n\n\n\n<ul class=\"wp-block-list\"><li>Rok\nsedmdes\u00e1t\u00e9ho p\u00e1t\u00e9ho v\u00fdro\u010d\u00ed zalo\u017een\u00ed B9l\u00e9 st\u0159ely.<\/li><li>Vzpom\u00ednkov\u00e1\npou\u0165 v\u0161ech odd\u00edl\u016f B\u00edl\u00e9 st\u0159ely a odhalen\u00ed pam\u011btn\u00ed desky na bratra \u0160utra na\nBrdech<\/li><li>Spole\u010dn\u00fd\nt\u00e1bor 11. odd\u00edlu rodinn\u00e9ho skautingu, 14. odd\u00edlu skaut\u016f v&nbsp;Hamrech na\n\u0160umav\u011b \u2013 T\u00e1bor Kr\u00e1lov\u00e1ck\u00e9 str\u017ee.<\/li><li>Kr\u00e1tk\u00fd t\u00e1bor\n13. klubu oldskaut\u016f v&nbsp;Hamrech na \u0160umav\u011b spolu s&nbsp;oldskauty GSG\nRosenberg.<\/li><\/ul>\n","protected":false},"excerpt":{"rendered":"<p>1945 Had\u017ei zakl\u00e1d\u00e1 B\u00edlou st\u0159elu &#8211; prvn\u00ed sch\u016fzka odd\u00edlu v sobotu 23. \u010dervna 1945 3 t\u00e1bory u M\u017ee a ve Svoj\u0161\u00edn\u011b 1949 Likvidace a z\u00e1kaz jun\u00e1ck\u00e9 organizace P\u0159i likvidaci jun\u00e1ck\u00e9 organizace je v B\u00edl\u00e9 st\u0159ele 35 d\u011bt\u00ed B\u00edl\u00e1 st\u0159ela p\u0159ich\u00e1z\u00ed o kompletn\u00ed t\u00e1borov\u00e9 vybaven\u00ed a klubovnu pod sv. Mikul\u00e1\u0161em B\u00edl\u00e1 st\u0159ela pokra\u010duje v ilegalit\u011b v [&hellip;]<\/p>\n","protected":false},"author":2,"featured_media":0,"parent":0,"menu_order":0,"comment_status":"closed","ping_status":"closed","template":"","meta":{"footnotes":""},"class_list":["post-17","page","type-page","status-publish","hentry"],"_links":{"self":[{"href":"https:\/\/www.skauti-plzen.cz\/13bilastrela\/wp-json\/wp\/v2\/pages\/17","targetHints":{"allow":["GET"]}}],"collection":[{"href":"https:\/\/www.skauti-plzen.cz\/13bilastrela\/wp-json\/wp\/v2\/pages"}],"about":[{"href":"https:\/\/www.skauti-plzen.cz\/13bilastrela\/wp-json\/wp\/v2\/types\/page"}],"author":[{"embeddable":true,"href":"https:\/\/www.skauti-plzen.cz\/13bilastrela\/wp-json\/wp\/v2\/users\/2"}],"replies":[{"embeddable":true,"href":"https:\/\/www.skauti-plzen.cz\/13bilastrela\/wp-json\/wp\/v2\/comments?post=17"}],"version-history":[{"count":1,"href":"https:\/\/www.skauti-plzen.cz\/13bilastrela\/wp-json\/wp\/v2\/pages\/17\/revisions"}],"predecessor-version":[{"id":18,"href":"https:\/\/www.skauti-plzen.cz\/13bilastrela\/wp-json\/wp\/v2\/pages\/17\/revisions\/18"}],"wp:attachment":[{"href":"https:\/\/www.skauti-plzen.cz\/13bilastrela\/wp-json\/wp\/v2\/media?parent=17"}],"curies":[{"name":"wp","href":"https:\/\/api.w.org\/{rel}","templated":true}]}}